{"id":1035,"date":"2025-02-13T13:40:20","date_gmt":"2025-02-13T13:40:20","guid":{"rendered":"https:\/\/txemasalvans.com\/contacto\/"},"modified":"2025-03-07T17:43:38","modified_gmt":"2025-03-07T17:43:38","slug":"contacto","status":"publish","type":"page","link":"https:\/\/txemasalvans.com\/es\/contacto\/","title":{"rendered":"Contacto"},"content":{"rendered":"\t\t<div data-elementor-type=\"wp-page\" data-elementor-id=\"1035\" class=\"elementor elementor-1035 elementor-471\" data-elementor-post-type=\"page\">\n\t\t\t\t<div class=\"elementor-element elementor-element-2a4edd5 e-con-full e-flex e-con e-parent\" data-id=\"2a4edd5\" data-element_type=\"container\" data-e-type=\"container\">\n\t\t<div class=\"elementor-element elementor-element-a81a3c2 e-con-full e-flex e-con e-child\" data-id=\"a81a3c2\" data-element_type=\"container\" data-e-type=\"container\">\n\t\t\t\t<div class=\"elementor-element elementor-element-3dcfd69 elementor-widget elementor-widget-text-editor\" data-id=\"3dcfd69\" data-element_type=\"widget\" data-e-type=\"widget\" data-widget_type=\"text-editor.default\">\n\t\t\t\t<div class=\"elementor-widget-container\">\n\t\t\t\t\t\t\t\t\t<p><strong>Txema Salvans, Barcelona 1971<\/strong><\/p>\n<p>Alcanzar la felicidad<br \/>Todas las noches, antes de irme a dormir, me lavo el cerebro por dentro para poder dormir como un beb\u00e9. Este m\u00e9todo no me lo recet\u00f3 ning\u00fan m\u00e9dico extra\u00f1o, lo invent\u00e9 yo mismo cuando era joven como f\u00f3rmula de higiene mental.<\/p>\n<p>Creo sinceramente que la felicidad es el mayor regalo que podemos darnos cuando nos enfrentamos a nuestro destino mortal. Elijo la fotograf\u00eda, una de las formas m\u00e1s intensas de mirar y experimentar la vida cotidiana. Tomar fotograf\u00edas tambi\u00e9n es una excelente manera de interactuar con la gente y para m\u00ed, alguien tan sociable como optimista, esta interacci\u00f3n con los seres vivos es algo tan necesario como respirar; pero debe ser una interacci\u00f3n positiva. Y aqu\u00ed es donde es posible ver los aspectos de la vida que m\u00e1s me fascinan, aquellos que reservamos \u00fanicamente a la b\u00fasqueda de esa fr\u00e1gil meta llamada felicidad: espacios f\u00edsicos y mentales de ocio entendidos como reinos de afirmaci\u00f3n de la vida, alejados del trabajo duro del esfuerzo asalariado y del sacrificio.<\/p>\n<p>Creo que mi manera de mirar ha pasado de la sorpresa, la iron\u00eda o la celebraci\u00f3n a una aceptaci\u00f3n satisfecha de las manifestaciones ajenas, cada vez menos juzgadora, cada vez menos rec\u00edproca y cada vez m\u00e1s madura.<\/p>\n\t\t\t\t\t\t\t\t<\/div>\n\t\t\t\t<\/div>\n\t\t\t\t<\/div>\n\t\t<div class=\"elementor-element elementor-element-727633e e-con-full e-flex e-con e-child\" data-id=\"727633e\" data-element_type=\"container\" data-e-type=\"container\">\n\t\t\t\t<div class=\"elementor-element elementor-element-235c6c2 elementor-button-align-stretch elementor-widget elementor-widget-form\" data-id=\"235c6c2\" data-element_type=\"widget\" data-e-type=\"widget\" data-settings=\"{&quot;step_next_label&quot;:&quot;Siguiente&quot;,&quot;step_previous_label&quot;:&quot;Anterior&quot;,&quot;button_width&quot;:&quot;100&quot;,&quot;step_type&quot;:&quot;number_text&quot;,&quot;step_icon_shape&quot;:&quot;circle&quot;}\" data-widget_type=\"form.default\">\n\t\t\t\t<div class=\"elementor-widget-container\">\n\t\t\t\t\t\t\t<form class=\"elementor-form\" method=\"post\" name=\"Formulario contacto\" aria-label=\"Formulario contacto\">\n\t\t\t<input type=\"hidden\" name=\"post_id\" value=\"1035\"\/>\n\t\t\t<input type=\"hidden\" name=\"form_id\" value=\"235c6c2\"\/>\n\t\t\t<input type=\"hidden\" name=\"referer_title\" value=\"Contacto - Txema Salvans\" \/>\n\n\t\t\t\t\t\t\t<input type=\"hidden\" name=\"queried_id\" value=\"1035\"\/>\n\t\t\t\n\t\t\t<div class=\"elementor-form-fields-wrapper elementor-labels-\">\n\t\t\t\t\t\t\t\t<div class=\"elementor-field-type-text elementor-field-group elementor-column elementor-field-group-name elementor-col-100 elementor-field-required\">\n\t\t\t\t\t\t\t\t\t\t\t\t<label for=\"form-field-name\" class=\"elementor-field-label elementor-screen-only\">\n\t\t\t\t\t\t\t\tTu nombre\t\t\t\t\t\t\t<\/label>\n\t\t\t\t\t\t\t\t\t\t\t\t\t\t<input size=\"1\" type=\"text\" name=\"form_fields[name]\" id=\"form-field-name\" class=\"elementor-field elementor-size-md  elementor-field-textual\" placeholder=\"Tu nombre\" required=\"required\">\n\t\t\t\t\t\t\t\t\t\t\t<\/div>\n\t\t\t\t\t\t\t\t<div class=\"elementor-field-type-email elementor-field-group elementor-column elementor-field-group-email elementor-col-100 elementor-field-required\">\n\t\t\t\t\t\t\t\t\t\t\t\t<label for=\"form-field-email\" class=\"elementor-field-label elementor-screen-only\">\n\t\t\t\t\t\t\t\tTu email\t\t\t\t\t\t\t<\/label>\n\t\t\t\t\t\t\t\t\t\t\t\t\t\t<input size=\"1\" type=\"email\" name=\"form_fields[email]\" id=\"form-field-email\" class=\"elementor-field elementor-size-md  elementor-field-textual\" placeholder=\"Tu email\" required=\"required\">\n\t\t\t\t\t\t\t\t\t\t\t<\/div>\n\t\t\t\t\t\t\t\t<div class=\"elementor-field-type-textarea elementor-field-group elementor-column elementor-field-group-message elementor-col-100\">\n\t\t\t\t\t\t\t\t\t\t\t\t<label for=\"form-field-message\" class=\"elementor-field-label elementor-screen-only\">\n\t\t\t\t\t\t\t\tTu mensaje\t\t\t\t\t\t\t<\/label>\n\t\t\t\t\t\t<textarea class=\"elementor-field-textual elementor-field  elementor-size-md\" name=\"form_fields[message]\" id=\"form-field-message\" rows=\"4\" placeholder=\"Tu mensaje\"><\/textarea>\t\t\t\t<\/div>\n\t\t\t\t\t\t\t\t<div class=\"elementor-field-type-acceptance elementor-field-group elementor-column elementor-field-group-field_91d8882 elementor-col-100\">\n\t\t\t\t\t\t\t<div class=\"elementor-field-subgroup\">\n\t\t\t<span class=\"elementor-field-option\">\n\t\t\t\t<input type=\"checkbox\" name=\"form_fields[field_91d8882]\" id=\"form-field-field_91d8882\" class=\"elementor-field elementor-size-md  elementor-acceptance-field\">\n\t\t\t\t<label for=\"form-field-field_91d8882\">He le\u00eddo y acepto la pol\u00edtica de privacidad del sitio web <a href=\"https:\/\/texemasalvans.com\/politica-privacidad\/\">pol\u00edtica de privacidad<\/a>.<\/label>\t\t\t<\/span>\n\t\t<\/div>\n\t\t\t\t\t\t<\/div>\n\t\t\t\t\t\t\t\t<div class=\"elementor-field-type-recaptcha_v3 elementor-field-group elementor-column elementor-field-group-field_4c4c956 elementor-col-100 recaptcha_v3-bottomright\">\n\t\t\t\t\t<div class=\"elementor-field\" id=\"form-field-field_4c4c956\"><div class=\"elementor-g-recaptcha\" data-sitekey=\"6LeU3uwqAAAAAIrAfJtLkClXBzXzwJWdjQeXn9y4\" data-type=\"v3\" data-action=\"Form\" data-badge=\"bottomright\" data-size=\"invisible\"><\/div><\/div>\t\t\t\t<\/div>\n\t\t\t\t\t\t\t\t<div class=\"elementor-field-group elementor-column elementor-field-type-submit elementor-col-100 e-form__buttons\">\n\t\t\t\t\t<button class=\"elementor-button elementor-size-sm\" type=\"submit\">\n\t\t\t\t\t\t<span class=\"elementor-button-content-wrapper\">\n\t\t\t\t\t\t\t\t\t\t\t\t\t\t\t\t\t\t\t\t\t\t<span class=\"elementor-button-text\">Enviar<\/span>\n\t\t\t\t\t\t\t\t\t\t\t\t\t<\/span>\n\t\t\t\t\t<\/button>\n\t\t\t\t<\/div>\n\t\t\t<\/div>\n\t\t<\/form>\n\t\t\t\t\t\t<\/div>\n\t\t\t\t<\/div>\n\t\t\t\t<div class=\"elementor-element elementor-element-244ee27 elementor-widget elementor-widget-text-editor\" data-id=\"244ee27\" data-element_type=\"widget\" data-e-type=\"widget\" data-widget_type=\"text-editor.default\">\n\t\t\t\t<div class=\"elementor-widget-container\">\n\t\t\t\t\t\t\t\t\t<p><a href=\"mailto:hello@txemasalvans.com\">hello@txemasalvans.com<\/a> \u00b7 +34 687 637 681<\/p>\n\t\t\t\t\t\t\t\t<\/div>\n\t\t\t\t<\/div>\n\t\t\t\t<\/div>\n\t\t\t\t<\/div>\n\t\t\t\t<\/div>\n\t\t","protected":false},"excerpt":{"rendered":"<p>Txema Salvans, Barcelona 1971 Alcanzar la felicidadTodas las noches, antes de irme a dormir, me lavo el cerebro por dentro para poder dormir como un beb\u00e9. Este m\u00e9todo no me lo recet\u00f3 ning\u00fan m\u00e9dico extra\u00f1o, lo invent\u00e9 yo mismo cuando era joven como f\u00f3rmula de higiene mental. Creo sinceramente que la felicidad es el mayor [&hellip;]<\/p>\n","protected":false},"author":2,"featured_media":0,"parent":0,"menu_order":0,"comment_status":"closed","ping_status":"closed","template":"","meta":{"_acf_changed":false,"footnotes":""},"class_list":["post-1035","page","type-page","status-publish","hentry"],"acf":[],"yoast_head":"<!-- This site is optimized with the Yoast SEO plugin v27.1.1 - https:\/\/yoast.com\/product\/yoast-seo-wordpress\/ -->\n<title>Contacto - Txema Salvans<\/title>\n<meta name=\"robots\" content=\"index, follow, max-snippet:-1, max-image-preview:large, max-video-preview:-1\" \/>\n<link rel=\"canonical\" href=\"https:\/\/txemasalvans.com\/es\/contacto\/\" \/>\n<meta property=\"og:locale\" content=\"es_ES\" \/>\n<meta property=\"og:type\" content=\"article\" \/>\n<meta property=\"og:title\" content=\"Contacto - Txema Salvans\" \/>\n<meta property=\"og:description\" content=\"Txema Salvans, Barcelona 1971 Alcanzar la felicidadTodas las noches, antes de irme a dormir, me lavo el cerebro por dentro para poder dormir como un beb\u00e9. Este m\u00e9todo no me lo recet\u00f3 ning\u00fan m\u00e9dico extra\u00f1o, lo invent\u00e9 yo mismo cuando era joven como f\u00f3rmula de higiene mental. Creo sinceramente que la felicidad es el mayor [&hellip;]\" \/>\n<meta property=\"og:url\" content=\"https:\/\/txemasalvans.com\/es\/contacto\/\" \/>\n<meta property=\"og:site_name\" content=\"Txema Salvans\" \/>\n<meta property=\"article:modified_time\" content=\"2025-03-07T17:43:38+00:00\" \/>\n<meta name=\"twitter:card\" content=\"summary_large_image\" \/>\n<meta name=\"twitter:label1\" content=\"Tiempo de lectura\" \/>\n\t<meta name=\"twitter:data1\" content=\"1 minuto\" \/>\n<script type=\"application\/ld+json\" class=\"yoast-schema-graph\">{\"@context\":\"https:\/\/schema.org\",\"@graph\":[{\"@type\":\"WebPage\",\"@id\":\"https:\/\/txemasalvans.com\/es\/contacto\/\",\"url\":\"https:\/\/txemasalvans.com\/es\/contacto\/\",\"name\":\"Contacto - Txema Salvans\",\"isPartOf\":{\"@id\":\"https:\/\/txemasalvans.com\/es\/#website\"},\"datePublished\":\"2025-02-13T13:40:20+00:00\",\"dateModified\":\"2025-03-07T17:43:38+00:00\",\"breadcrumb\":{\"@id\":\"https:\/\/txemasalvans.com\/es\/contacto\/#breadcrumb\"},\"inLanguage\":\"es\",\"potentialAction\":[{\"@type\":\"ReadAction\",\"target\":[\"https:\/\/txemasalvans.com\/es\/contacto\/\"]}]},{\"@type\":\"BreadcrumbList\",\"@id\":\"https:\/\/txemasalvans.com\/es\/contacto\/#breadcrumb\",\"itemListElement\":[{\"@type\":\"ListItem\",\"position\":1,\"name\":\"Portada\",\"item\":\"https:\/\/txemasalvans.com\/es\/\"},{\"@type\":\"ListItem\",\"position\":2,\"name\":\"Contacto\"}]},{\"@type\":\"WebSite\",\"@id\":\"https:\/\/txemasalvans.com\/es\/#website\",\"url\":\"https:\/\/txemasalvans.com\/es\/\",\"name\":\"Txema Salvans\",\"description\":\"Photographer\",\"publisher\":{\"@id\":\"https:\/\/txemasalvans.com\/es\/#organization\"},\"potentialAction\":[{\"@type\":\"SearchAction\",\"target\":{\"@type\":\"EntryPoint\",\"urlTemplate\":\"https:\/\/txemasalvans.com\/es\/?s={search_term_string}\"},\"query-input\":{\"@type\":\"PropertyValueSpecification\",\"valueRequired\":true,\"valueName\":\"search_term_string\"}}],\"inLanguage\":\"es\"},{\"@type\":\"Organization\",\"@id\":\"https:\/\/txemasalvans.com\/es\/#organization\",\"name\":\"Txema Salvans\",\"url\":\"https:\/\/txemasalvans.com\/es\/\",\"logo\":{\"@type\":\"ImageObject\",\"inLanguage\":\"es\",\"@id\":\"https:\/\/txemasalvans.com\/es\/#\/schema\/logo\/image\/\",\"url\":\"https:\/\/txemasalvans.com\/wp-content\/uploads\/2025\/03\/cropped-logo.png\",\"contentUrl\":\"https:\/\/txemasalvans.com\/wp-content\/uploads\/2025\/03\/cropped-logo.png\",\"width\":452,\"height\":45,\"caption\":\"Txema Salvans\"},\"image\":{\"@id\":\"https:\/\/txemasalvans.com\/es\/#\/schema\/logo\/image\/\"}}]}<\/script>\n<!-- \/ Yoast SEO plugin. -->","yoast_head_json":{"title":"Contacto - Txema Salvans","robots":{"index":"index","follow":"follow","max-snippet":"max-snippet:-1","max-image-preview":"max-image-preview:large","max-video-preview":"max-video-preview:-1"},"canonical":"https:\/\/txemasalvans.com\/es\/contacto\/","og_locale":"es_ES","og_type":"article","og_title":"Contacto - Txema Salvans","og_description":"Txema Salvans, Barcelona 1971 Alcanzar la felicidadTodas las noches, antes de irme a dormir, me lavo el cerebro por dentro para poder dormir como un beb\u00e9. Este m\u00e9todo no me lo recet\u00f3 ning\u00fan m\u00e9dico extra\u00f1o, lo invent\u00e9 yo mismo cuando era joven como f\u00f3rmula de higiene mental. Creo sinceramente que la felicidad es el mayor [&hellip;]","og_url":"https:\/\/txemasalvans.com\/es\/contacto\/","og_site_name":"Txema Salvans","article_modified_time":"2025-03-07T17:43:38+00:00","twitter_card":"summary_large_image","twitter_misc":{"Tiempo de lectura":"1 minuto"},"schema":{"@context":"https:\/\/schema.org","@graph":[{"@type":"WebPage","@id":"https:\/\/txemasalvans.com\/es\/contacto\/","url":"https:\/\/txemasalvans.com\/es\/contacto\/","name":"Contacto - Txema Salvans","isPartOf":{"@id":"https:\/\/txemasalvans.com\/es\/#website"},"datePublished":"2025-02-13T13:40:20+00:00","dateModified":"2025-03-07T17:43:38+00:00","breadcrumb":{"@id":"https:\/\/txemasalvans.com\/es\/contacto\/#breadcrumb"},"inLanguage":"es","potentialAction":[{"@type":"ReadAction","target":["https:\/\/txemasalvans.com\/es\/contacto\/"]}]},{"@type":"BreadcrumbList","@id":"https:\/\/txemasalvans.com\/es\/contacto\/#breadcrumb","itemListElement":[{"@type":"ListItem","position":1,"name":"Portada","item":"https:\/\/txemasalvans.com\/es\/"},{"@type":"ListItem","position":2,"name":"Contacto"}]},{"@type":"WebSite","@id":"https:\/\/txemasalvans.com\/es\/#website","url":"https:\/\/txemasalvans.com\/es\/","name":"Txema Salvans","description":"Photographer","publisher":{"@id":"https:\/\/txemasalvans.com\/es\/#organization"},"potentialAction":[{"@type":"SearchAction","target":{"@type":"EntryPoint","urlTemplate":"https:\/\/txemasalvans.com\/es\/?s={search_term_string}"},"query-input":{"@type":"PropertyValueSpecification","valueRequired":true,"valueName":"search_term_string"}}],"inLanguage":"es"},{"@type":"Organization","@id":"https:\/\/txemasalvans.com\/es\/#organization","name":"Txema Salvans","url":"https:\/\/txemasalvans.com\/es\/","logo":{"@type":"ImageObject","inLanguage":"es","@id":"https:\/\/txemasalvans.com\/es\/#\/schema\/logo\/image\/","url":"https:\/\/txemasalvans.com\/wp-content\/uploads\/2025\/03\/cropped-logo.png","contentUrl":"https:\/\/txemasalvans.com\/wp-content\/uploads\/2025\/03\/cropped-logo.png","width":452,"height":45,"caption":"Txema Salvans"},"image":{"@id":"https:\/\/txemasalvans.com\/es\/#\/schema\/logo\/image\/"}}]}},"_links":{"self":[{"href":"https:\/\/txemasalvans.com\/es\/wp-json\/wp\/v2\/pages\/1035","targetHints":{"allow":["GET"]}}],"collection":[{"href":"https:\/\/txemasalvans.com\/es\/wp-json\/wp\/v2\/pages"}],"about":[{"href":"https:\/\/txemasalvans.com\/es\/wp-json\/wp\/v2\/types\/page"}],"author":[{"embeddable":true,"href":"https:\/\/txemasalvans.com\/es\/wp-json\/wp\/v2\/users\/2"}],"replies":[{"embeddable":true,"href":"https:\/\/txemasalvans.com\/es\/wp-json\/wp\/v2\/comments?post=1035"}],"version-history":[{"count":1,"href":"https:\/\/txemasalvans.com\/es\/wp-json\/wp\/v2\/pages\/1035\/revisions"}],"predecessor-version":[{"id":1036,"href":"https:\/\/txemasalvans.com\/es\/wp-json\/wp\/v2\/pages\/1035\/revisions\/1036"}],"wp:attachment":[{"href":"https:\/\/txemasalvans.com\/es\/wp-json\/wp\/v2\/media?parent=1035"}],"curies":[{"name":"wp","href":"https:\/\/api.w.org\/{rel}","templated":true}]}}