{"id":1045,"date":"2025-02-13T15:22:53","date_gmt":"2025-02-13T15:22:53","guid":{"rendered":"https:\/\/txemasalvans.com\/?page_id=1045"},"modified":"2025-03-31T16:22:47","modified_gmt":"2025-03-31T16:22:47","slug":"politica-de-privacidad","status":"publish","type":"page","link":"https:\/\/txemasalvans.com\/es\/politica-de-privacidad\/","title":{"rendered":"Pol\u00edtica de privacidad"},"content":{"rendered":"<p><span style=\"font-weight: 300;\">En cumplimiento de lo establecido en el Reglamento General Europeo de Protecci\u00f3n de Datos 2016\/679 del 27 de Abril de 2016 (RGPD) y de la Ley Org\u00e1nica 3\/2018, de 5 de diciembre, de Protecci\u00f3n de Datos Personales y garant\u00eda de los derechos digitales (LOPD), <strong style=\"font-weight: 300;\">Josep Maria Salvans <\/strong>con CIF <strong style=\"font-weight: 300;\">46343840J <\/strong>con sede en c\/<strong style=\"font-weight: 300;\">Angel 10, 1-2, 08012 Barcelona<\/strong><\/span><span style=\"font-weight: 300;\">\u00a0<\/span><span style=\"font-weight: 300;\">informa al usuario \/ cliente de la existencia de un fichero automatizado de datos de car\u00e1cter personal, creado por Josep Maria Salvans. y gestionado bajo su responsabilidad, como Responsable del Tratamiento, con la finalidad de realizar el mantenimiento y gesti\u00f3n de la relaci\u00f3n con los solicitantes de informaci\u00f3n o clientes que han accedido y han proporcionado la informaci\u00f3n y la autorizaci\u00f3n del tratamiento de la informaci\u00f3n a trav\u00e9s de los formularios electr\u00f3nicos de este sitio o mediante mensajes de correo electr\u00f3nico.<\/span><\/p>\n<p><span style=\"font-weight: 300;\">Los datos que el usuario facilita a Josep Maria Salvans. tienen como finalidad mantener una relaci\u00f3n comercial con el usuario, gestionar su solicitud, facilitarle la informaci\u00f3n y \/ o servicios que solicite, as\u00ed como informaci\u00f3n t\u00e9cnico-comercial. S in car\u00e1cter exclusivo, las operaciones previstas para realizar el tratamiento son:<\/span><\/p>\n<ul>\n<li style=\"font-weight: 300;\" aria-level=\"1\"><span style=\"font-weight: 300;\">Remisi\u00f3n de comunicaciones comerciales publicitarias por email, fax, SMS, MMS, comunidades sociales o cualquier otro medio electr\u00f3nico o f\u00edsico, presente o futuro, que posibilite realizar comunicaciones comerciales. Estas comunicaciones ser\u00e1n realizadas por el RESPONSABLE, y relacionadas sobre sus productos y servicios, o por sus colaboradores o proveedores con los que \u00e9ste haya alcanzado alg\u00fan acuerdo de promoci\u00f3n. En este caso, los terceros nunca tendr\u00e1n acceso a los datos personales.<\/span><\/li>\n<li style=\"font-weight: 300;\" aria-level=\"1\"><span style=\"font-weight: 300;\">Realizar estudios estad\u00edsticos.<\/span><\/li>\n<li style=\"font-weight: 300;\" aria-level=\"1\"><span style=\"font-weight: 300;\">Tramitar encargos, solicitudes o cualquier tipo de petici\u00f3n que sea realizada por el usuario a trav\u00e9s de cualquiera de las formas de contacto que se ponen a su disposici\u00f3n.<\/span><\/li>\n<li style=\"font-weight: 300;\" aria-level=\"1\"><span style=\"font-weight: 300;\">Remitir el bolet\u00edn de noticias de la p\u00e1gina web.<\/span><\/li>\n<\/ul>\n<p><span style=\"font-weight: 300;\">\u00a0<\/span><\/p>\n<p><span style=\"font-weight: 300;\">Salvo en los campos en que expresamente se indique lo contrario por ser obligatorios, la entrega de informaci\u00f3n requerida sobre datos personales tendr\u00e1 el car\u00e1cter de voluntario y optativo, sin que la negativa a facilitar dicha informaci\u00f3n voluntaria y optativa implique una merma en la calidad o cantidad de los servicios que Ud. solicite. La falta de cumplimentaci\u00f3n de los campos determinados como obligatorios o el suministro de datos incorrectos imposibilitar\u00e1 que Josep Maria Salvans. pueda gestionar su solicitud o remitirle la informaci\u00f3n solicitada<\/span><\/p>\n<p><span style=\"font-weight: 300;\">En relaci\u00f3n con los datos recabados en la forma prevista en los apartados anteriores, el usuario podr\u00e1 ejercitar los derechos reconocidos por el RGPD y la LOPD, siendo \u00e9stos los derechos de acceso, rectificaci\u00f3n o cancelaci\u00f3n de datos, oposici\u00f3n, supresi\u00f3n o derecho al olvido, limitaci\u00f3n y portabilidad. Para ejercer los mismos se puede realizar por medio de un correo electr\u00f3nico a la direcci\u00f3n <strong>hello@txemasalvans.com<\/strong><\/span><\/p>\n<p><span style=\"font-weight: 300;\">Dicha comunicaci\u00f3n de solicitud deber\u00e1 contener los siguientes datos: nombre y apellidos del Usuario, domicilio a efectos de notificaciones, fotocopia del Documento Nacional de Identidad o Pasaporte, y petici\u00f3n en que se concreta la solicitud. En el caso de actuar en representaci\u00f3n de tercero, deber\u00e1 probarse la misma mediante documento fehaciente.<\/span><\/p>\n<p><span style=\"font-weight: 300;\">\u00a0Josep Maria Salvans. guardar\u00e1 los datos de car\u00e1cter personal que haya recabado y adoptar\u00e1 las medidas necesarias para evitar su alteraci\u00f3n, p\u00e9rdida, tratamiento o acceso no autorizados.\u00a0 Josep Maria Salvans. cumplir\u00e1 estos deberes de acuerdo con lo establecido por la normativa europea del RGPD y LOPD. Se conservar\u00e1n los datos personales mientras exista un inter\u00e9s mutuo para mantener el fin del tratamiento y, cuando ya no sea necesario para tal fin, se suprimir\u00e1n con medidas de seguridad adecuadas para garantizar la seudonimizaci\u00f3n de los datos o la destrucci\u00f3n total de los mismos.<\/span><\/p>\n<p><span style=\"font-weight: 300;\">Asimismo, todo el personal de\u00a0 Josep Maria Salvans., as\u00ed como sus posibles proveedores, subcontratados o colaboradores, asumen el compromiso de llevar a cabo su labor profesional respetando la confidencialidad, las obligaciones y las medidas de seguridad establecidas en el marco de la Protecci\u00f3n de Datos.<\/span><\/p>\n<p><span style=\"font-weight: 300;\">En aquellos casos en los que exista autorizaci\u00f3n, Josep Maria Salvans. podr\u00e1 enviar informaci\u00f3n t\u00e9cnico-comercial a los usuarios. podr\u00e0 enviar informaci\u00f3 t\u00e8cnic-comercial als usuaris.<\/span><\/p>\n<p><span style=\"font-weight: 300;\">Josep Maria Salvans. podr\u00e1 ceder esos datos personales \u00fanicamente a las entidades que colaboren con la misma en el tratamiento de la informaci\u00f3n y con las finalidades anteriormente indicadas y autorizadas por el usuario.<\/span><\/p>\n<p><span style=\"font-weight: 300;\">Josep Maria Salvans. NO tiene contratados servicios de proveedores tecnol\u00f3gicos ubicados en pa\u00edses que no sean europeos o bien no dispongan de una normativa equivalente a la europea (Terceros Pa\u00edses) Cualquier contrataci\u00f3n futura de servicios a encargados de tratamiento de datos realizada por Josep Maria Salvans. siempre cumplir\u00e1 con todos los requisitos establecidos por la normativa europea de protecci\u00f3n de datos, aplicando en el tratamiento de sus datos las garant\u00edas y salvaguardas necesarias para preservar su privacidad de dicha informaci\u00f3n.<\/span><\/p>\n<p><span style=\"font-weight: 300;\">Josep Maria Salvans. utiliza cookies para acceder a informaci\u00f3n relativa a los usuarios del sitio web, proporcionando la informaci\u00f3n p\u00fablica y accesible en la Pol\u00edtica de Cookies.<\/span><\/p>\n<p><span style=\"font-weight: 300;\">Josep Maria Salvans. desarrolla su actividad empresarial de conformidad con las obligaciones de informaci\u00f3n, desarrollo de procedimientos y \u00f3rganos de control y comunicaci\u00f3n internos y dem\u00e1s obligaciones previstas en la normativa vigente sobre medidas de prevenci\u00f3n del blanqueo de capitales.<\/span><\/p>\n<p>&nbsp;<\/p>\n","protected":false},"excerpt":{"rendered":"<p>En cumplimiento de lo establecido en el Reglamento General Europeo de Protecci\u00f3n de Datos 2016\/679 del 27 de Abril de 2016 (RGPD) y de la Ley Org\u00e1nica 3\/2018, de 5 de diciembre, de Protecci\u00f3n de Datos Personales y garant\u00eda de los derechos digitales (LOPD), Josep Maria Salvans con CIF 46343840J con sede en c\/Angel 10, [&hellip;]<\/p>\n","protected":false},"author":2,"featured_media":0,"parent":0,"menu_order":0,"comment_status":"closed","ping_status":"closed","template":"","meta":{"_acf_changed":false,"footnotes":""},"class_list":["post-1045","page","type-page","status-publish","hentry"],"acf":[],"yoast_head":"<!-- This site is optimized with the Yoast SEO plugin v27.1.1 - https:\/\/yoast.com\/product\/yoast-seo-wordpress\/ -->\n<title>Pol\u00edtica de privacidad - Txema Salvans<\/title>\n<meta name=\"robots\" content=\"noindex, nofollow\" \/>\n<meta property=\"og:locale\" content=\"es_ES\" \/>\n<meta property=\"og:type\" content=\"article\" \/>\n<meta property=\"og:title\" content=\"Pol\u00edtica de privacidad - Txema Salvans\" \/>\n<meta property=\"og:description\" content=\"En cumplimiento de lo establecido en el Reglamento General Europeo de Protecci\u00f3n de Datos 2016\/679 del 27 de Abril de 2016 (RGPD) y de la Ley Org\u00e1nica 3\/2018, de 5 de diciembre, de Protecci\u00f3n de Datos Personales y garant\u00eda de los derechos digitales (LOPD), Josep Maria Salvans con CIF 46343840J con sede en c\/Angel 10, [&hellip;]\" \/>\n<meta property=\"og:url\" content=\"https:\/\/txemasalvans.com\/es\/politica-de-privacidad\/\" \/>\n<meta property=\"og:site_name\" content=\"Txema Salvans\" \/>\n<meta property=\"article:modified_time\" content=\"2025-03-31T16:22:47+00:00\" \/>\n<meta name=\"twitter:card\" content=\"summary_large_image\" \/>\n<meta name=\"twitter:label1\" content=\"Tiempo de lectura\" \/>\n\t<meta name=\"twitter:data1\" content=\"4 minutos\" \/>\n<script type=\"application\/ld+json\" class=\"yoast-schema-graph\">{\"@context\":\"https:\/\/schema.org\",\"@graph\":[{\"@type\":\"WebPage\",\"@id\":\"https:\/\/txemasalvans.com\/es\/politica-de-privacidad\/\",\"url\":\"https:\/\/txemasalvans.com\/es\/politica-de-privacidad\/\",\"name\":\"Pol\u00edtica de privacidad - Txema Salvans\",\"isPartOf\":{\"@id\":\"https:\/\/txemasalvans.com\/es\/#website\"},\"datePublished\":\"2025-02-13T15:22:53+00:00\",\"dateModified\":\"2025-03-31T16:22:47+00:00\",\"breadcrumb\":{\"@id\":\"https:\/\/txemasalvans.com\/es\/politica-de-privacidad\/#breadcrumb\"},\"inLanguage\":\"es\",\"potentialAction\":[{\"@type\":\"ReadAction\",\"target\":[\"https:\/\/txemasalvans.com\/es\/politica-de-privacidad\/\"]}]},{\"@type\":\"BreadcrumbList\",\"@id\":\"https:\/\/txemasalvans.com\/es\/politica-de-privacidad\/#breadcrumb\",\"itemListElement\":[{\"@type\":\"ListItem\",\"position\":1,\"name\":\"Portada\",\"item\":\"https:\/\/txemasalvans.com\/es\/\"},{\"@type\":\"ListItem\",\"position\":2,\"name\":\"Pol\u00edtica de privacidad\"}]},{\"@type\":\"WebSite\",\"@id\":\"https:\/\/txemasalvans.com\/es\/#website\",\"url\":\"https:\/\/txemasalvans.com\/es\/\",\"name\":\"Txema Salvans\",\"description\":\"Photographer\",\"publisher\":{\"@id\":\"https:\/\/txemasalvans.com\/es\/#organization\"},\"potentialAction\":[{\"@type\":\"SearchAction\",\"target\":{\"@type\":\"EntryPoint\",\"urlTemplate\":\"https:\/\/txemasalvans.com\/es\/?s={search_term_string}\"},\"query-input\":{\"@type\":\"PropertyValueSpecification\",\"valueRequired\":true,\"valueName\":\"search_term_string\"}}],\"inLanguage\":\"es\"},{\"@type\":\"Organization\",\"@id\":\"https:\/\/txemasalvans.com\/es\/#organization\",\"name\":\"Txema Salvans\",\"url\":\"https:\/\/txemasalvans.com\/es\/\",\"logo\":{\"@type\":\"ImageObject\",\"inLanguage\":\"es\",\"@id\":\"https:\/\/txemasalvans.com\/es\/#\/schema\/logo\/image\/\",\"url\":\"https:\/\/txemasalvans.com\/wp-content\/uploads\/2025\/03\/cropped-logo.png\",\"contentUrl\":\"https:\/\/txemasalvans.com\/wp-content\/uploads\/2025\/03\/cropped-logo.png\",\"width\":452,\"height\":45,\"caption\":\"Txema Salvans\"},\"image\":{\"@id\":\"https:\/\/txemasalvans.com\/es\/#\/schema\/logo\/image\/\"}}]}<\/script>\n<!-- \/ Yoast SEO plugin. -->","yoast_head_json":{"title":"Pol\u00edtica de privacidad - Txema Salvans","robots":{"index":"noindex","follow":"nofollow"},"og_locale":"es_ES","og_type":"article","og_title":"Pol\u00edtica de privacidad - Txema Salvans","og_description":"En cumplimiento de lo establecido en el Reglamento General Europeo de Protecci\u00f3n de Datos 2016\/679 del 27 de Abril de 2016 (RGPD) y de la Ley Org\u00e1nica 3\/2018, de 5 de diciembre, de Protecci\u00f3n de Datos Personales y garant\u00eda de los derechos digitales (LOPD), Josep Maria Salvans con CIF 46343840J con sede en c\/Angel 10, [&hellip;]","og_url":"https:\/\/txemasalvans.com\/es\/politica-de-privacidad\/","og_site_name":"Txema Salvans","article_modified_time":"2025-03-31T16:22:47+00:00","twitter_card":"summary_large_image","twitter_misc":{"Tiempo de lectura":"4 minutos"},"schema":{"@context":"https:\/\/schema.org","@graph":[{"@type":"WebPage","@id":"https:\/\/txemasalvans.com\/es\/politica-de-privacidad\/","url":"https:\/\/txemasalvans.com\/es\/politica-de-privacidad\/","name":"Pol\u00edtica de privacidad - Txema Salvans","isPartOf":{"@id":"https:\/\/txemasalvans.com\/es\/#website"},"datePublished":"2025-02-13T15:22:53+00:00","dateModified":"2025-03-31T16:22:47+00:00","breadcrumb":{"@id":"https:\/\/txemasalvans.com\/es\/politica-de-privacidad\/#breadcrumb"},"inLanguage":"es","potentialAction":[{"@type":"ReadAction","target":["https:\/\/txemasalvans.com\/es\/politica-de-privacidad\/"]}]},{"@type":"BreadcrumbList","@id":"https:\/\/txemasalvans.com\/es\/politica-de-privacidad\/#breadcrumb","itemListElement":[{"@type":"ListItem","position":1,"name":"Portada","item":"https:\/\/txemasalvans.com\/es\/"},{"@type":"ListItem","position":2,"name":"Pol\u00edtica de privacidad"}]},{"@type":"WebSite","@id":"https:\/\/txemasalvans.com\/es\/#website","url":"https:\/\/txemasalvans.com\/es\/","name":"Txema Salvans","description":"Photographer","publisher":{"@id":"https:\/\/txemasalvans.com\/es\/#organization"},"potentialAction":[{"@type":"SearchAction","target":{"@type":"EntryPoint","urlTemplate":"https:\/\/txemasalvans.com\/es\/?s={search_term_string}"},"query-input":{"@type":"PropertyValueSpecification","valueRequired":true,"valueName":"search_term_string"}}],"inLanguage":"es"},{"@type":"Organization","@id":"https:\/\/txemasalvans.com\/es\/#organization","name":"Txema Salvans","url":"https:\/\/txemasalvans.com\/es\/","logo":{"@type":"ImageObject","inLanguage":"es","@id":"https:\/\/txemasalvans.com\/es\/#\/schema\/logo\/image\/","url":"https:\/\/txemasalvans.com\/wp-content\/uploads\/2025\/03\/cropped-logo.png","contentUrl":"https:\/\/txemasalvans.com\/wp-content\/uploads\/2025\/03\/cropped-logo.png","width":452,"height":45,"caption":"Txema Salvans"},"image":{"@id":"https:\/\/txemasalvans.com\/es\/#\/schema\/logo\/image\/"}}]}},"_links":{"self":[{"href":"https:\/\/txemasalvans.com\/es\/wp-json\/wp\/v2\/pages\/1045","targetHints":{"allow":["GET"]}}],"collection":[{"href":"https:\/\/txemasalvans.com\/es\/wp-json\/wp\/v2\/pages"}],"about":[{"href":"https:\/\/txemasalvans.com\/es\/wp-json\/wp\/v2\/types\/page"}],"author":[{"embeddable":true,"href":"https:\/\/txemasalvans.com\/es\/wp-json\/wp\/v2\/users\/2"}],"replies":[{"embeddable":true,"href":"https:\/\/txemasalvans.com\/es\/wp-json\/wp\/v2\/comments?post=1045"}],"version-history":[{"count":2,"href":"https:\/\/txemasalvans.com\/es\/wp-json\/wp\/v2\/pages\/1045\/revisions"}],"predecessor-version":[{"id":1393,"href":"https:\/\/txemasalvans.com\/es\/wp-json\/wp\/v2\/pages\/1045\/revisions\/1393"}],"wp:attachment":[{"href":"https:\/\/txemasalvans.com\/es\/wp-json\/wp\/v2\/media?parent=1045"}],"curies":[{"name":"wp","href":"https:\/\/api.w.org\/{rel}","templated":true}]}}