{"id":1399,"date":"2025-03-31T16:25:52","date_gmt":"2025-03-31T16:25:52","guid":{"rendered":"https:\/\/txemasalvans.com\/?page_id=1399"},"modified":"2025-03-31T16:42:45","modified_gmt":"2025-03-31T16:42:45","slug":"condiciones-de-venta","status":"publish","type":"page","link":"https:\/\/txemasalvans.com\/es\/condiciones-de-venta\/","title":{"rendered":"Condiciones de venta"},"content":{"rendered":"<p>La venta de art\u00edculos a trav\u00e9s de esta p\u00e1gina web es realizada bajo la denominaci\u00f3n <strong>Txema Salvans<\/strong> , con domicilio social en la <strong>C\/Angel 10, 1-2, 08012 Barcelona<\/strong> con tel\u00e9fono +34 687 63 76 81 email: <strong>hello@txemasalvans.com<\/strong> y con NIF 46343840J quien es el titular del portal txemasalvans.com (en adelante el Portal) y pone el mismo a disposici\u00f3n de los usuarios de Internet (en adelante el Usuari o los Usuarios seg\u00fan convenga), con el fin tanto de proporcionar informaci\u00f3n sobre sus productos y promociones ligadas a los mismos, as\u00ed como permitir la prestaci\u00f3n de distintos servicios a trav\u00e9s del Porta (registro de Usuarios, recepci\u00f3n de newsletters y compra online).<\/p>\n<div class=\"elementor-element elementor-element-80b9906 elementor-widget elementor-widget-text-editor\" data-id=\"80b9906\" data-element_type=\"widget\" data-widget_type=\"text-editor.default\">\n<div class=\"elementor-widget-container\">\n<div>Las condiciones que aplican a los procesos de compra realizados a trav\u00e9s de la tienda online <a href=\"https:\/\/txemasalvans.com\/es\/\">txemasalvans.com<\/a>\u00a0las siguientes:<\/div>\n<div><\/div>\n<\/div>\n<\/div>\n<div class=\"elementor-element elementor-element-e3db782 elementor-widget elementor-widget-text-editor\" data-id=\"e3db782\" data-element_type=\"widget\" data-widget_type=\"text-editor.default\">\n<div class=\"elementor-widget-container\">\n<div><\/div>\n<div><b>Forma de pago en tienda online,<\/b><b>\u00a0servicios online o reservas de servicio.<\/b><\/div>\n<div><\/div>\n<div>A trav\u00e9s del sistema de pago Redsys (carrito de la compra).<\/div>\n<div>Esta pasarela de pago permite compras con tarjeta de cr\u00e9dito y de d\u00e9bito pero no permite transferencias bancarias.<\/div>\n<div>El sistema de pago utilizado en esta tienda online es prestado por un tercero, concretamente, por Redsys, al realizar la compra, el cliente ser\u00e1 redireccionado a la pasarela de pago de dicha entidad. Recomendamos que consulten la Pol\u00edtica de Privacidad de esta plataforma antes de aceptar los t\u00e9rminos del servicio.<\/div>\n<div>Una vez confirmado el pago, se tramitar\u00e1 el pedido y el env\u00edo.<\/div>\n<div><\/div>\n<div><\/div>\n<div><strong>Forma de env\u00edo<\/strong><\/div>\n<div>Mediante servicio de Correos<\/div>\n<div><\/div>\n<div><\/div>\n<div><strong>Plazos de env\u00edo y reclamaci\u00f3n de pedidos<\/strong><\/div>\n<div><\/div>\n<div>&#8211; <span style=\"text-decoration: underline;\">Para pedidos a enviar dentro del territorio nacional:\u00a0<\/span> 5 d\u00edas laborables desde la fecha de confirmaci\u00f3n del pedido (pago del importe), siempre y cuando el\/los producto\/s seleccionado\/s tengan disponibilidad inmediata. Los costes de env\u00edo son gratuitos para env\u00edos al territorio nacional<\/div>\n<div><\/div>\n<\/div>\n<div>&#8211; <span style=\"text-decoration: underline;\">Para pedidos a enviar dentro del territorio de la Uni\u00f3n Europea<\/span>:\u00a0 10 d\u00edas laborables desde la fecha de confirmaci\u00f3n del pedido (pago del importe), siempre y cuando el\/los producto\/s seleccionado\/s tengan disponibilidad inmediata. Los costes de env\u00edo son 15\u20ac para env\u00edos a todos los pa\u00edses de la UE<\/div>\n<div class=\"elementor-widget-container\">\n<div><\/div>\n<div>Se entiende como env\u00edo la entrega de los art\u00edculos en domicilio o direcci\u00f3n especificada por el cliente durante el proceso de realizaci\u00f3n del pedido.<\/div>\n<div><\/div>\n<div>No nos responsabilizamos de las posibles demoras de entrega causadas por servicios de mensajer\u00eda.<\/div>\n<div><\/div>\n<div>El cliente se compromete en todo momento a facilitar informaci\u00f3n veraz sobre los datos solicitados en los formularios de registro y\/o de realizaci\u00f3n del pedido, y a mantenerlos actualizados en todo momento.<\/div>\n<div><\/div>\n<div>Asimismo, el cliente se compromete a aceptar las presentes Condiciones de uso y la Pol\u00edtica de Privacidad, as\u00ed como a facilitar una direcci\u00f3n de entrega de los pedidos. En caso de incumplimiento de esta obligaci\u00f3n o de cualquier otra que dificulte la gesti\u00f3n del pedido, Txema Salvans no tendr\u00e1 ninguna responsabilidad sobre el retraso o imposibilidad de entregar el pedido solicitado por el cliente.<\/div>\n<div><\/div>\n<\/div>\n<\/div>\n<div class=\"elementor-element elementor-element-321ceaa elementor-widget elementor-widget-text-editor\" data-id=\"321ceaa\" data-element_type=\"widget\" data-widget_type=\"text-editor.default\">\n<div class=\"elementor-widget-container\">\n<div>Txema Salvans se reserva el derecho a modificar precios, art\u00edculos, ofertas y otras condiciones comerciales sin previo aviso.<\/div>\n<div><\/div>\n<div>Todas las fotos, nombre de la tienda y fotos de la tienda est\u00e1n protegidas por la ley de propiedad intelectual. Cualquier mal uso puede ser perseguido legalmente.<\/div>\n<\/div>\n<\/div>\n<div class=\"elementor-element elementor-element-800bf42 elementor-widget-divider--view-line elementor-widget elementor-widget-divider\" data-id=\"800bf42\" data-element_type=\"widget\" data-widget_type=\"divider.default\">\n<div class=\"elementor-widget-container\">\n<div class=\"elementor-divider\"><\/div>\n<\/div>\n<\/div>\n<div class=\"elementor-element elementor-element-7f9a074 elementor-widget elementor-widget-text-editor\" data-id=\"7f9a074\" data-element_type=\"widget\" data-widget_type=\"text-editor.default\">\n<div class=\"elementor-widget-container\">\n<div><\/div>\n<div><b>Pol\u00edtica de reembolso<\/b><\/div>\n<div><\/div>\n<div>Nuestros clientes cuentan con la posibilidad de devolver cualquier art\u00edculo de compra pedido por nuestra p\u00e1gina web, y que no haya sido usado y se encuentre en su packaging original, en un plazo de 7 d\u00edas desde el d\u00eda de su recepci\u00f3n.<\/div>\n<div>Por favor, env\u00eda el art\u00edculo con el recibo original de compra y conserva una copia para referencias futuras a la siguiente direcci\u00f3n:<\/div>\n<div><\/div>\n<div>Josep Maria Salvans<\/div>\n<div>C\/Angel 10, 1-2, 08012 Barcelona<\/div>\n<div>28001 Madrid<\/div>\n<div>Espa\u00f1a<\/div>\n<div><\/div>\n<div>Una vez recibido y comprobado su estado, ser\u00e1 entregado un vale por el mismo importe del\/los producto\/os devueltos.<\/div>\n<div>No nos hacemos cargo de los gastos de env\u00edo derivados de la devoluci\u00f3n. No aceptamos env\u00edos a portes debidos.<\/div>\n<div>Por favor, env\u00ede sus devoluciones a trav\u00e9s de una compa\u00f1\u00eda de env\u00edos seria. Txema Salvans no se responsabiliza por da\u00f1os, p\u00e9rdidas o robos mediante el transporte de estas<\/div>\n<\/div>\n<\/div>\n","protected":false},"excerpt":{"rendered":"<p>La venta de art\u00edculos a trav\u00e9s de esta p\u00e1gina web es realizada bajo la denominaci\u00f3n Txema Salvans , con domicilio social en la C\/Angel 10, 1-2, 08012 Barcelona con tel\u00e9fono +34 687 63 76 81 email: hello@txemasalvans.com y con NIF 46343840J quien es el titular del portal txemasalvans.com (en adelante el Portal) y pone el [&hellip;]<\/p>\n","protected":false},"author":2,"featured_media":0,"parent":0,"menu_order":0,"comment_status":"closed","ping_status":"closed","template":"","meta":{"_acf_changed":false,"footnotes":""},"class_list":["post-1399","page","type-page","status-publish","hentry"],"acf":[],"yoast_head":"<!-- This site is optimized with the Yoast SEO plugin v27.1.1 - https:\/\/yoast.com\/product\/yoast-seo-wordpress\/ -->\n<title>Condiciones de venta - Txema Salvans<\/title>\n<meta name=\"robots\" content=\"index, follow, max-snippet:-1, max-image-preview:large, max-video-preview:-1\" \/>\n<link rel=\"canonical\" href=\"https:\/\/txemasalvans.com\/es\/condiciones-de-venta\/\" \/>\n<meta property=\"og:locale\" content=\"es_ES\" \/>\n<meta property=\"og:type\" content=\"article\" \/>\n<meta property=\"og:title\" content=\"Condiciones de venta - Txema Salvans\" \/>\n<meta property=\"og:description\" content=\"La venta de art\u00edculos a trav\u00e9s de esta p\u00e1gina web es realizada bajo la denominaci\u00f3n Txema Salvans , con domicilio social en la C\/Angel 10, 1-2, 08012 Barcelona con tel\u00e9fono +34 687 63 76 81 email: hello@txemasalvans.com y con NIF 46343840J quien es el titular del portal txemasalvans.com (en adelante el Portal) y pone el [&hellip;]\" \/>\n<meta property=\"og:url\" content=\"https:\/\/txemasalvans.com\/es\/condiciones-de-venta\/\" \/>\n<meta property=\"og:site_name\" content=\"Txema Salvans\" \/>\n<meta property=\"article:modified_time\" content=\"2025-03-31T16:42:45+00:00\" \/>\n<meta name=\"twitter:card\" content=\"summary_large_image\" \/>\n<meta name=\"twitter:label1\" content=\"Tiempo de lectura\" \/>\n\t<meta name=\"twitter:data1\" content=\"3 minutos\" \/>\n<script type=\"application\/ld+json\" class=\"yoast-schema-graph\">{\"@context\":\"https:\/\/schema.org\",\"@graph\":[{\"@type\":\"WebPage\",\"@id\":\"https:\/\/txemasalvans.com\/es\/condiciones-de-venta\/\",\"url\":\"https:\/\/txemasalvans.com\/es\/condiciones-de-venta\/\",\"name\":\"Condiciones de venta - Txema Salvans\",\"isPartOf\":{\"@id\":\"https:\/\/txemasalvans.com\/es\/#website\"},\"datePublished\":\"2025-03-31T16:25:52+00:00\",\"dateModified\":\"2025-03-31T16:42:45+00:00\",\"breadcrumb\":{\"@id\":\"https:\/\/txemasalvans.com\/es\/condiciones-de-venta\/#breadcrumb\"},\"inLanguage\":\"es\",\"potentialAction\":[{\"@type\":\"ReadAction\",\"target\":[\"https:\/\/txemasalvans.com\/es\/condiciones-de-venta\/\"]}]},{\"@type\":\"BreadcrumbList\",\"@id\":\"https:\/\/txemasalvans.com\/es\/condiciones-de-venta\/#breadcrumb\",\"itemListElement\":[{\"@type\":\"ListItem\",\"position\":1,\"name\":\"Portada\",\"item\":\"https:\/\/txemasalvans.com\/es\/\"},{\"@type\":\"ListItem\",\"position\":2,\"name\":\"Condiciones de venta\"}]},{\"@type\":\"WebSite\",\"@id\":\"https:\/\/txemasalvans.com\/es\/#website\",\"url\":\"https:\/\/txemasalvans.com\/es\/\",\"name\":\"Txema Salvans\",\"description\":\"Photographer\",\"publisher\":{\"@id\":\"https:\/\/txemasalvans.com\/es\/#organization\"},\"potentialAction\":[{\"@type\":\"SearchAction\",\"target\":{\"@type\":\"EntryPoint\",\"urlTemplate\":\"https:\/\/txemasalvans.com\/es\/?s={search_term_string}\"},\"query-input\":{\"@type\":\"PropertyValueSpecification\",\"valueRequired\":true,\"valueName\":\"search_term_string\"}}],\"inLanguage\":\"es\"},{\"@type\":\"Organization\",\"@id\":\"https:\/\/txemasalvans.com\/es\/#organization\",\"name\":\"Txema Salvans\",\"url\":\"https:\/\/txemasalvans.com\/es\/\",\"logo\":{\"@type\":\"ImageObject\",\"inLanguage\":\"es\",\"@id\":\"https:\/\/txemasalvans.com\/es\/#\/schema\/logo\/image\/\",\"url\":\"https:\/\/txemasalvans.com\/wp-content\/uploads\/2025\/03\/cropped-logo.png\",\"contentUrl\":\"https:\/\/txemasalvans.com\/wp-content\/uploads\/2025\/03\/cropped-logo.png\",\"width\":452,\"height\":45,\"caption\":\"Txema Salvans\"},\"image\":{\"@id\":\"https:\/\/txemasalvans.com\/es\/#\/schema\/logo\/image\/\"}}]}<\/script>\n<!-- \/ Yoast SEO plugin. -->","yoast_head_json":{"title":"Condiciones de venta - Txema Salvans","robots":{"index":"index","follow":"follow","max-snippet":"max-snippet:-1","max-image-preview":"max-image-preview:large","max-video-preview":"max-video-preview:-1"},"canonical":"https:\/\/txemasalvans.com\/es\/condiciones-de-venta\/","og_locale":"es_ES","og_type":"article","og_title":"Condiciones de venta - Txema Salvans","og_description":"La venta de art\u00edculos a trav\u00e9s de esta p\u00e1gina web es realizada bajo la denominaci\u00f3n Txema Salvans , con domicilio social en la C\/Angel 10, 1-2, 08012 Barcelona con tel\u00e9fono +34 687 63 76 81 email: hello@txemasalvans.com y con NIF 46343840J quien es el titular del portal txemasalvans.com (en adelante el Portal) y pone el [&hellip;]","og_url":"https:\/\/txemasalvans.com\/es\/condiciones-de-venta\/","og_site_name":"Txema Salvans","article_modified_time":"2025-03-31T16:42:45+00:00","twitter_card":"summary_large_image","twitter_misc":{"Tiempo de lectura":"3 minutos"},"schema":{"@context":"https:\/\/schema.org","@graph":[{"@type":"WebPage","@id":"https:\/\/txemasalvans.com\/es\/condiciones-de-venta\/","url":"https:\/\/txemasalvans.com\/es\/condiciones-de-venta\/","name":"Condiciones de venta - Txema Salvans","isPartOf":{"@id":"https:\/\/txemasalvans.com\/es\/#website"},"datePublished":"2025-03-31T16:25:52+00:00","dateModified":"2025-03-31T16:42:45+00:00","breadcrumb":{"@id":"https:\/\/txemasalvans.com\/es\/condiciones-de-venta\/#breadcrumb"},"inLanguage":"es","potentialAction":[{"@type":"ReadAction","target":["https:\/\/txemasalvans.com\/es\/condiciones-de-venta\/"]}]},{"@type":"BreadcrumbList","@id":"https:\/\/txemasalvans.com\/es\/condiciones-de-venta\/#breadcrumb","itemListElement":[{"@type":"ListItem","position":1,"name":"Portada","item":"https:\/\/txemasalvans.com\/es\/"},{"@type":"ListItem","position":2,"name":"Condiciones de venta"}]},{"@type":"WebSite","@id":"https:\/\/txemasalvans.com\/es\/#website","url":"https:\/\/txemasalvans.com\/es\/","name":"Txema Salvans","description":"Photographer","publisher":{"@id":"https:\/\/txemasalvans.com\/es\/#organization"},"potentialAction":[{"@type":"SearchAction","target":{"@type":"EntryPoint","urlTemplate":"https:\/\/txemasalvans.com\/es\/?s={search_term_string}"},"query-input":{"@type":"PropertyValueSpecification","valueRequired":true,"valueName":"search_term_string"}}],"inLanguage":"es"},{"@type":"Organization","@id":"https:\/\/txemasalvans.com\/es\/#organization","name":"Txema Salvans","url":"https:\/\/txemasalvans.com\/es\/","logo":{"@type":"ImageObject","inLanguage":"es","@id":"https:\/\/txemasalvans.com\/es\/#\/schema\/logo\/image\/","url":"https:\/\/txemasalvans.com\/wp-content\/uploads\/2025\/03\/cropped-logo.png","contentUrl":"https:\/\/txemasalvans.com\/wp-content\/uploads\/2025\/03\/cropped-logo.png","width":452,"height":45,"caption":"Txema Salvans"},"image":{"@id":"https:\/\/txemasalvans.com\/es\/#\/schema\/logo\/image\/"}}]}},"_links":{"self":[{"href":"https:\/\/txemasalvans.com\/es\/wp-json\/wp\/v2\/pages\/1399","targetHints":{"allow":["GET"]}}],"collection":[{"href":"https:\/\/txemasalvans.com\/es\/wp-json\/wp\/v2\/pages"}],"about":[{"href":"https:\/\/txemasalvans.com\/es\/wp-json\/wp\/v2\/types\/page"}],"author":[{"embeddable":true,"href":"https:\/\/txemasalvans.com\/es\/wp-json\/wp\/v2\/users\/2"}],"replies":[{"embeddable":true,"href":"https:\/\/txemasalvans.com\/es\/wp-json\/wp\/v2\/comments?post=1399"}],"version-history":[{"count":2,"href":"https:\/\/txemasalvans.com\/es\/wp-json\/wp\/v2\/pages\/1399\/revisions"}],"predecessor-version":[{"id":1401,"href":"https:\/\/txemasalvans.com\/es\/wp-json\/wp\/v2\/pages\/1399\/revisions\/1401"}],"wp:attachment":[{"href":"https:\/\/txemasalvans.com\/es\/wp-json\/wp\/v2\/media?parent=1399"}],"curies":[{"name":"wp","href":"https:\/\/api.w.org\/{rel}","templated":true}]}}