{"id":1319,"date":"2025-03-28T11:38:19","date_gmt":"2025-03-28T11:38:19","guid":{"rendered":"https:\/\/txemasalvans.com\/product\/the-waiting-game-iii\/"},"modified":"2025-03-31T15:32:53","modified_gmt":"2025-03-31T15:32:53","slug":"the-waiting-game-iii","status":"publish","type":"product","link":"https:\/\/txemasalvans.com\/es\/product\/the-waiting-game-iii\/","title":{"rendered":"The waiting game III"},"content":{"rendered":"","protected":false},"excerpt":{"rendered":"<div class=\"elementor-element elementor-element-64d9209 elementor-widget elementor-widget-text-editor\" data-id=\"64d9209\" data-element_type=\"widget\" data-widget_type=\"text-editor.default\">\n<div class=\"elementor-widget-container\">\n<p>The Waiting Game es un proyecto art\u00edstico que explora tres de las caracter\u00edsticas que nos definen como especie: somos animales sociales, conscientes de nosotros mismos y que vivimos en relaci\u00f3n con nuestro entorno.<br \/>\nLa presencia f\u00edsica del hombre o del animal en espacios rurales, urbanos e industriales revela la relaci\u00f3n dist\u00f3pica del ser humano consigo mismo, con los dem\u00e1s y con la totalidad de su entorno.<br \/>\nEn The Waiting Game III, el v\u00ednculo del perro con el hombre es el ejemplo elegido para abordar el modo en que nuestra especie se relaciona con el entorno natural.<br \/>\nEl perro ha representado en nuestra cultura reciente como paradigma de fidelidad, animal de peluche vivo o ser entra\u00f1able.<br \/>\nPero en este caso se trata del perro que cumple una funci\u00f3n de guardi\u00e1n, que espera y protege generalmente encadenado o encerrado detr\u00e1s de una reja, un muro o una valla met\u00e1lica.<br \/>\nQue nace y muere en el mismo lugar y que vive sujeto a su due\u00f1o, un humano capaz, como en muchos otros casos de relaci\u00f3n con el entorno, de distanciarse emocionalmente de su animal hasta extremos de crueldad.<br \/>\nSon perros a los que, faltos de la m\u00e1s m\u00ednima atenci\u00f3n, el tiempo los env\u00eda a un futuro lento y triste.<br \/>\nY, sin embargo, son animales que se ofrecen sumisamente para cumplir la misi\u00f3n que les ha sido encomendada y que obedecen con avidez la voz de su amo, de quien s\u00f3lo obtienen el alimento suficiente para perpetuar su d\u00eda a d\u00eda.<br \/>\nPerros que son tratados como un simple recurso instrumental.<br \/>\nEstas im\u00e1genes muestran la relaci\u00f3n que el hombre establece con la naturaleza.<br \/>\nTras el control de los alimentos a trav\u00e9s de la agricultura y el dominio de los animales, los humanos comenzaron a sentir que pertenec\u00edan a una esfera existencial diferente y superior del mundo que los rodeaba y convirtieron su relaci\u00f3n con la naturaleza en un continuo esfuerzo utilitario que hasta el d\u00eda de hoy no ha dejado de aprovechar cualquier recurso disponible.<\/p>\n<\/div>\n<\/div>\n<div class=\"elementor-element elementor-element-2160570 elementor-widget elementor-widget-text-editor\" data-id=\"2160570\" data-element_type=\"widget\" data-widget_type=\"text-editor.default\">\n<div class=\"elementor-widget-container\">\n<p>Hardcover, 88 pages.<br \/>\nDimensions: 33.5cm X 25cm<br \/>\nText from Juan Bonilla, Horacio Fern\u00e1ndez<\/p>\n<\/div>\n<\/div>\n","protected":false},"featured_media":761,"template":"","meta":{"_acf_changed":false},"product_brand":[],"product_cat":[],"product_tag":[],"class_list":{"0":"post-1319","1":"product","2":"type-product","3":"status-publish","4":"has-post-thumbnail","7":"first","8":"instock","9":"taxable","10":"shipping-taxable","11":"purchasable","12":"product-type-variable"},"acf":[],"yoast_head":"<!-- This site is optimized with the Yoast SEO plugin v27.1.1 - https:\/\/yoast.com\/product\/yoast-seo-wordpress\/ -->\n<title>The waiting game III - Txema Salvans<\/title>\n<meta name=\"robots\" content=\"index, follow, max-snippet:-1, max-image-preview:large, max-video-preview:-1\" \/>\n<link rel=\"canonical\" href=\"https:\/\/txemasalvans.com\/es\/product\/the-waiting-game-iii\/\" \/>\n<meta property=\"og:locale\" content=\"es_ES\" \/>\n<meta property=\"og:type\" content=\"article\" \/>\n<meta property=\"og:title\" content=\"The waiting game III - Txema Salvans\" \/>\n<meta property=\"og:description\" content=\"The Waiting Game es un proyecto art\u00edstico que explora tres de las caracter\u00edsticas que nos definen como especie: somos animales sociales, conscientes de nosotros mismos y que vivimos en relaci\u00f3n con nuestro entorno. La presencia f\u00edsica del hombre o del animal en espacios rurales, urbanos e industriales revela la relaci\u00f3n dist\u00f3pica del ser humano consigo mismo, con los dem\u00e1s y con la totalidad de su entorno. En The Waiting Game III, el v\u00ednculo del perro con el hombre es el ejemplo elegido para abordar el modo en que nuestra especie se relaciona con el entorno natural. El perro ha representado en nuestra cultura reciente como paradigma de fidelidad, animal de peluche vivo o ser entra\u00f1able. Pero en este caso se trata del perro que cumple una funci\u00f3n de guardi\u00e1n, que espera y protege generalmente encadenado o encerrado detr\u00e1s de una reja, un muro o una valla met\u00e1lica. Que nace y muere en el mismo lugar y que vive sujeto a su due\u00f1o, un humano capaz, como en muchos otros casos de relaci\u00f3n con el entorno, de distanciarse emocionalmente de su animal hasta extremos de crueldad. Son perros a los que, faltos de la m\u00e1s m\u00ednima atenci\u00f3n, el tiempo los env\u00eda a un futuro lento y triste. Y, sin embargo, son animales que se ofrecen sumisamente para cumplir la misi\u00f3n que les ha sido encomendada y que obedecen con avidez la voz de su amo, de quien s\u00f3lo obtienen el alimento suficiente para perpetuar su d\u00eda a d\u00eda. Perros que son tratados como un simple recurso instrumental. Estas im\u00e1genes muestran la relaci\u00f3n que el hombre establece con la naturaleza. Tras el control de los alimentos a trav\u00e9s de la agricultura y el dominio de los animales, los humanos comenzaron a sentir que pertenec\u00edan a una esfera existencial diferente y superior del mundo que los rodeaba y convirtieron su relaci\u00f3n con la naturaleza en un continuo esfuerzo utilitario que hasta el d\u00eda de hoy no ha dejado de aprovechar cualquier recurso disponible.       Hardcover, 88 pages. Dimensions: 33.5cm X 25cm Text from Juan Bonilla, Horacio Fern\u00e1ndez\" \/>\n<meta property=\"og:url\" content=\"https:\/\/txemasalvans.com\/es\/product\/the-waiting-game-iii\/\" \/>\n<meta property=\"og:site_name\" content=\"Txema Salvans\" \/>\n<meta property=\"article:modified_time\" content=\"2025-03-31T15:32:53+00:00\" \/>\n<meta property=\"og:image\" content=\"https:\/\/txemasalvans.com\/wp-content\/uploads\/2025\/02\/the-waiting-game-3.jpg\" \/>\n\t<meta property=\"og:image:width\" content=\"1262\" \/>\n\t<meta property=\"og:image:height\" content=\"961\" \/>\n\t<meta property=\"og:image:type\" content=\"image\/jpeg\" \/>\n<meta name=\"twitter:card\" content=\"summary_large_image\" \/>\n<meta name=\"twitter:label1\" content=\"Tiempo de lectura\" \/>\n\t<meta name=\"twitter:data1\" content=\"1 minuto\" \/>\n<script type=\"application\/ld+json\" class=\"yoast-schema-graph\">{\"@context\":\"https:\/\/schema.org\",\"@graph\":[{\"@type\":\"WebPage\",\"@id\":\"https:\/\/txemasalvans.com\/es\/product\/the-waiting-game-iii\/\",\"url\":\"https:\/\/txemasalvans.com\/es\/product\/the-waiting-game-iii\/\",\"name\":\"The waiting game III - Txema Salvans\",\"isPartOf\":{\"@id\":\"https:\/\/txemasalvans.com\/es\/#website\"},\"primaryImageOfPage\":{\"@id\":\"https:\/\/txemasalvans.com\/es\/product\/the-waiting-game-iii\/#primaryimage\"},\"image\":{\"@id\":\"https:\/\/txemasalvans.com\/es\/product\/the-waiting-game-iii\/#primaryimage\"},\"thumbnailUrl\":\"https:\/\/txemasalvans.com\/wp-content\/uploads\/2025\/02\/the-waiting-game-3.jpg\",\"datePublished\":\"2025-03-28T11:38:19+00:00\",\"dateModified\":\"2025-03-31T15:32:53+00:00\",\"breadcrumb\":{\"@id\":\"https:\/\/txemasalvans.com\/es\/product\/the-waiting-game-iii\/#breadcrumb\"},\"inLanguage\":\"es\",\"potentialAction\":[{\"@type\":\"ReadAction\",\"target\":[\"https:\/\/txemasalvans.com\/es\/product\/the-waiting-game-iii\/\"]}]},{\"@type\":\"ImageObject\",\"inLanguage\":\"es\",\"@id\":\"https:\/\/txemasalvans.com\/es\/product\/the-waiting-game-iii\/#primaryimage\",\"url\":\"https:\/\/txemasalvans.com\/wp-content\/uploads\/2025\/02\/the-waiting-game-3.jpg\",\"contentUrl\":\"https:\/\/txemasalvans.com\/wp-content\/uploads\/2025\/02\/the-waiting-game-3.jpg\",\"width\":1262,\"height\":961},{\"@type\":\"BreadcrumbList\",\"@id\":\"https:\/\/txemasalvans.com\/es\/product\/the-waiting-game-iii\/#breadcrumb\",\"itemListElement\":[{\"@type\":\"ListItem\",\"position\":1,\"name\":\"Portada\",\"item\":\"https:\/\/txemasalvans.com\/es\/\"},{\"@type\":\"ListItem\",\"position\":2,\"name\":\"Tienda\",\"item\":\"https:\/\/txemasalvans.com\/es\/tienda\/\"},{\"@type\":\"ListItem\",\"position\":3,\"name\":\"The waiting game III\"}]},{\"@type\":\"WebSite\",\"@id\":\"https:\/\/txemasalvans.com\/es\/#website\",\"url\":\"https:\/\/txemasalvans.com\/es\/\",\"name\":\"Txema Salvans\",\"description\":\"Photographer\",\"publisher\":{\"@id\":\"https:\/\/txemasalvans.com\/es\/#organization\"},\"potentialAction\":[{\"@type\":\"SearchAction\",\"target\":{\"@type\":\"EntryPoint\",\"urlTemplate\":\"https:\/\/txemasalvans.com\/es\/?s={search_term_string}\"},\"query-input\":{\"@type\":\"PropertyValueSpecification\",\"valueRequired\":true,\"valueName\":\"search_term_string\"}}],\"inLanguage\":\"es\"},{\"@type\":\"Organization\",\"@id\":\"https:\/\/txemasalvans.com\/es\/#organization\",\"name\":\"Txema Salvans\",\"url\":\"https:\/\/txemasalvans.com\/es\/\",\"logo\":{\"@type\":\"ImageObject\",\"inLanguage\":\"es\",\"@id\":\"https:\/\/txemasalvans.com\/es\/#\/schema\/logo\/image\/\",\"url\":\"https:\/\/txemasalvans.com\/wp-content\/uploads\/2025\/03\/cropped-logo.png\",\"contentUrl\":\"https:\/\/txemasalvans.com\/wp-content\/uploads\/2025\/03\/cropped-logo.png\",\"width\":452,\"height\":45,\"caption\":\"Txema Salvans\"},\"image\":{\"@id\":\"https:\/\/txemasalvans.com\/es\/#\/schema\/logo\/image\/\"}}]}<\/script>\n<!-- \/ Yoast SEO plugin. -->","yoast_head_json":{"title":"The waiting game III - Txema Salvans","robots":{"index":"index","follow":"follow","max-snippet":"max-snippet:-1","max-image-preview":"max-image-preview:large","max-video-preview":"max-video-preview:-1"},"canonical":"https:\/\/txemasalvans.com\/es\/product\/the-waiting-game-iii\/","og_locale":"es_ES","og_type":"article","og_title":"The waiting game III - Txema Salvans","og_description":"The Waiting Game es un proyecto art\u00edstico que explora tres de las caracter\u00edsticas que nos definen como especie: somos animales sociales, conscientes de nosotros mismos y que vivimos en relaci\u00f3n con nuestro entorno. La presencia f\u00edsica del hombre o del animal en espacios rurales, urbanos e industriales revela la relaci\u00f3n dist\u00f3pica del ser humano consigo mismo, con los dem\u00e1s y con la totalidad de su entorno. En The Waiting Game III, el v\u00ednculo del perro con el hombre es el ejemplo elegido para abordar el modo en que nuestra especie se relaciona con el entorno natural. El perro ha representado en nuestra cultura reciente como paradigma de fidelidad, animal de peluche vivo o ser entra\u00f1able. Pero en este caso se trata del perro que cumple una funci\u00f3n de guardi\u00e1n, que espera y protege generalmente encadenado o encerrado detr\u00e1s de una reja, un muro o una valla met\u00e1lica. Que nace y muere en el mismo lugar y que vive sujeto a su due\u00f1o, un humano capaz, como en muchos otros casos de relaci\u00f3n con el entorno, de distanciarse emocionalmente de su animal hasta extremos de crueldad. Son perros a los que, faltos de la m\u00e1s m\u00ednima atenci\u00f3n, el tiempo los env\u00eda a un futuro lento y triste. Y, sin embargo, son animales que se ofrecen sumisamente para cumplir la misi\u00f3n que les ha sido encomendada y que obedecen con avidez la voz de su amo, de quien s\u00f3lo obtienen el alimento suficiente para perpetuar su d\u00eda a d\u00eda. Perros que son tratados como un simple recurso instrumental. Estas im\u00e1genes muestran la relaci\u00f3n que el hombre establece con la naturaleza. Tras el control de los alimentos a trav\u00e9s de la agricultura y el dominio de los animales, los humanos comenzaron a sentir que pertenec\u00edan a una esfera existencial diferente y superior del mundo que los rodeaba y convirtieron su relaci\u00f3n con la naturaleza en un continuo esfuerzo utilitario que hasta el d\u00eda de hoy no ha dejado de aprovechar cualquier recurso disponible.       Hardcover, 88 pages. Dimensions: 33.5cm X 25cm Text from Juan Bonilla, Horacio Fern\u00e1ndez","og_url":"https:\/\/txemasalvans.com\/es\/product\/the-waiting-game-iii\/","og_site_name":"Txema Salvans","article_modified_time":"2025-03-31T15:32:53+00:00","og_image":[{"width":1262,"height":961,"url":"https:\/\/txemasalvans.com\/wp-content\/uploads\/2025\/02\/the-waiting-game-3.jpg","type":"image\/jpeg"}],"twitter_card":"summary_large_image","twitter_misc":{"Tiempo de lectura":"1 minuto"},"schema":{"@context":"https:\/\/schema.org","@graph":[{"@type":"WebPage","@id":"https:\/\/txemasalvans.com\/es\/product\/the-waiting-game-iii\/","url":"https:\/\/txemasalvans.com\/es\/product\/the-waiting-game-iii\/","name":"The waiting game III - Txema Salvans","isPartOf":{"@id":"https:\/\/txemasalvans.com\/es\/#website"},"primaryImageOfPage":{"@id":"https:\/\/txemasalvans.com\/es\/product\/the-waiting-game-iii\/#primaryimage"},"image":{"@id":"https:\/\/txemasalvans.com\/es\/product\/the-waiting-game-iii\/#primaryimage"},"thumbnailUrl":"https:\/\/txemasalvans.com\/wp-content\/uploads\/2025\/02\/the-waiting-game-3.jpg","datePublished":"2025-03-28T11:38:19+00:00","dateModified":"2025-03-31T15:32:53+00:00","breadcrumb":{"@id":"https:\/\/txemasalvans.com\/es\/product\/the-waiting-game-iii\/#breadcrumb"},"inLanguage":"es","potentialAction":[{"@type":"ReadAction","target":["https:\/\/txemasalvans.com\/es\/product\/the-waiting-game-iii\/"]}]},{"@type":"ImageObject","inLanguage":"es","@id":"https:\/\/txemasalvans.com\/es\/product\/the-waiting-game-iii\/#primaryimage","url":"https:\/\/txemasalvans.com\/wp-content\/uploads\/2025\/02\/the-waiting-game-3.jpg","contentUrl":"https:\/\/txemasalvans.com\/wp-content\/uploads\/2025\/02\/the-waiting-game-3.jpg","width":1262,"height":961},{"@type":"BreadcrumbList","@id":"https:\/\/txemasalvans.com\/es\/product\/the-waiting-game-iii\/#breadcrumb","itemListElement":[{"@type":"ListItem","position":1,"name":"Portada","item":"https:\/\/txemasalvans.com\/es\/"},{"@type":"ListItem","position":2,"name":"Tienda","item":"https:\/\/txemasalvans.com\/es\/tienda\/"},{"@type":"ListItem","position":3,"name":"The waiting game III"}]},{"@type":"WebSite","@id":"https:\/\/txemasalvans.com\/es\/#website","url":"https:\/\/txemasalvans.com\/es\/","name":"Txema Salvans","description":"Photographer","publisher":{"@id":"https:\/\/txemasalvans.com\/es\/#organization"},"potentialAction":[{"@type":"SearchAction","target":{"@type":"EntryPoint","urlTemplate":"https:\/\/txemasalvans.com\/es\/?s={search_term_string}"},"query-input":{"@type":"PropertyValueSpecification","valueRequired":true,"valueName":"search_term_string"}}],"inLanguage":"es"},{"@type":"Organization","@id":"https:\/\/txemasalvans.com\/es\/#organization","name":"Txema Salvans","url":"https:\/\/txemasalvans.com\/es\/","logo":{"@type":"ImageObject","inLanguage":"es","@id":"https:\/\/txemasalvans.com\/es\/#\/schema\/logo\/image\/","url":"https:\/\/txemasalvans.com\/wp-content\/uploads\/2025\/03\/cropped-logo.png","contentUrl":"https:\/\/txemasalvans.com\/wp-content\/uploads\/2025\/03\/cropped-logo.png","width":452,"height":45,"caption":"Txema Salvans"},"image":{"@id":"https:\/\/txemasalvans.com\/es\/#\/schema\/logo\/image\/"}}]}},"_links":{"self":[{"href":"https:\/\/txemasalvans.com\/es\/wp-json\/wp\/v2\/product\/1319","targetHints":{"allow":["GET"]}}],"collection":[{"href":"https:\/\/txemasalvans.com\/es\/wp-json\/wp\/v2\/product"}],"about":[{"href":"https:\/\/txemasalvans.com\/es\/wp-json\/wp\/v2\/types\/product"}],"wp:featuredmedia":[{"embeddable":true,"href":"https:\/\/txemasalvans.com\/es\/wp-json\/wp\/v2\/media\/761"}],"wp:attachment":[{"href":"https:\/\/txemasalvans.com\/es\/wp-json\/wp\/v2\/media?parent=1319"}],"wp:term":[{"taxonomy":"product_brand","embeddable":true,"href":"https:\/\/txemasalvans.com\/es\/wp-json\/wp\/v2\/product_brand?post=1319"},{"taxonomy":"product_cat","embeddable":true,"href":"https:\/\/txemasalvans.com\/es\/wp-json\/wp\/v2\/product_cat?post=1319"},{"taxonomy":"product_tag","embeddable":true,"href":"https:\/\/txemasalvans.com\/es\/wp-json\/wp\/v2\/product_tag?post=1319"}],"curies":[{"name":"wp","href":"https:\/\/api.w.org\/{rel}","templated":true}]}}