{"id":1320,"date":"2025-03-28T11:36:32","date_gmt":"2025-03-28T11:36:32","guid":{"rendered":"https:\/\/txemasalvans.com\/product\/perfect-day\/"},"modified":"2025-03-31T15:32:53","modified_gmt":"2025-03-31T15:32:53","slug":"perfect-day","status":"publish","type":"product","link":"https:\/\/txemasalvans.com\/es\/product\/perfect-day\/","title":{"rendered":"Perfect day"},"content":{"rendered":"","protected":false},"excerpt":{"rendered":"<div class=\"elementor-element elementor-element-1ff894a elementor-widget elementor-widget-text-editor\" data-id=\"1ff894a\" data-element_type=\"widget\" data-widget_type=\"text-editor.default\">\n<div class=\"elementor-widget-container\">\n<p>Mientras que la cultura popular nos seduce con el mito de una naturaleza salvaje en la que escapar de las frustraciones de nuestra vida cotidiana, nuestra experiencia m\u00e1s habitual nos mantiene atados ya sea al turismo de masas o a escapadas fugaces a lugares que son simplemente lo que queda del paisaje: vestigios de lo que una vez fue campo, ahora invadido por la industria, los desarrollos inmobiliarios y las grandes superficies. Apropiados por necesidad y transformados por pura resiliencia, estos lugares han sido rescatados de su dimensi\u00f3n inh\u00f3spita para convertirse en opciones plausibles donde a\u00fan podemos disfrutar de un poco de tiempo libre bajo el sol, lejos del bullicio de la ciudad.<br \/>\nSon precisamente estos lugares de ocio en la sociedad postindustrial los que interesan a Txema Salvans, cuyas im\u00e1genes de ellos resaltan toda su banalidad surrealista y agudizan la divertida sensaci\u00f3n de extra\u00f1eza que engendran. Lo hace por medio de dos recursos ret\u00f3ricos. En primer lugar, manteniendo un punto de vista lo suficientemente distanciado para priorizar la escena y su entorno circundante por encima de los sujetos individuales y sus expresiones, y en segundo lugar, y m\u00e1s importante, mediante el mecanismo de la elipsis. La mayor\u00eda de las fotograf\u00edas fueron tomadas en la playa o cerca del mar, y es por tanto el mar lo que justifica la presencia de gente nadando, pescando o jugando en la arena. Y sin embargo, el mar es siempre invisible, porque Salvans se sit\u00faa entre el agua y los personajes, invirtiendo la direcci\u00f3n de su mirada. En consecuencia, lo que nos muestra la c\u00e1mara es la perspectiva degradada a la que los personajes quieren dar la espalda. Darle la espalda a algo es ignorarlo, incluso fingir que no existe.<br \/>\nLa obra de Salvans nos habla, pues, de este delirio colectivo que nos lleva a fantasear con estos ef\u00edmeros retazos de para\u00edso. Como no tenemos forma de saber si otro para\u00edso es posible, nos contentamos con estos momentos de tranquilidad e incluso de felicidad entre el hormig\u00f3n y las f\u00e1bricas. Pero tambi\u00e9n nos habla de una paradoja en la pol\u00edtica de ver. La paradoja es que a nosotros, los espectadores de las fotograf\u00edas, se nos niega la posibilidad de ver lo que los actores de las fotograf\u00edas quieren ver, mientras que lo que se nos frota ante los ojos es lo que ellos no quieren ver. Es Salvans quien maneja las instancias de esa dial\u00e9ctica y al hacerlo demuestra, como sosten\u00eda Nietzsche, que no hay hechos, sino s\u00f3lo interpretaciones.<\/p>\n<\/div>\n<\/div>\n<div class=\"elementor-element elementor-element-487bc12 elementor-widget elementor-widget-text-editor\" data-id=\"487bc12\" data-element_type=\"widget\" data-widget_type=\"text-editor.default\">\n<div class=\"elementor-widget-container\">\n<p>Hardcover, 100 pages<br \/>\nDimensions: 28 X 27.5 cm<br \/>\nText from Joan Foncuberta<\/p>\n<\/div>\n<\/div>\n","protected":false},"featured_media":762,"template":"","meta":{"_acf_changed":false},"product_brand":[],"product_cat":[],"product_tag":[],"class_list":{"0":"post-1320","1":"product","2":"type-product","3":"status-publish","4":"has-post-thumbnail","7":"first","8":"outofstock","9":"taxable","10":"shipping-taxable","11":"purchasable","12":"product-type-simple"},"acf":[],"yoast_head":"<!-- This site is optimized with the Yoast SEO plugin v27.1.1 - https:\/\/yoast.com\/product\/yoast-seo-wordpress\/ -->\n<title>Perfect day - Txema Salvans<\/title>\n<meta name=\"robots\" content=\"index, follow, max-snippet:-1, max-image-preview:large, max-video-preview:-1\" \/>\n<link rel=\"canonical\" href=\"https:\/\/txemasalvans.com\/es\/product\/perfect-day\/\" \/>\n<meta property=\"og:locale\" content=\"es_ES\" \/>\n<meta property=\"og:type\" content=\"article\" \/>\n<meta property=\"og:title\" content=\"Perfect day - Txema Salvans\" \/>\n<meta property=\"og:description\" content=\"Mientras que la cultura popular nos seduce con el mito de una naturaleza salvaje en la que escapar de las frustraciones de nuestra vida cotidiana, nuestra experiencia m\u00e1s habitual nos mantiene atados ya sea al turismo de masas o a escapadas fugaces a lugares que son simplemente lo que queda del paisaje: vestigios de lo que una vez fue campo, ahora invadido por la industria, los desarrollos inmobiliarios y las grandes superficies. Apropiados por necesidad y transformados por pura resiliencia, estos lugares han sido rescatados de su dimensi\u00f3n inh\u00f3spita para convertirse en opciones plausibles donde a\u00fan podemos disfrutar de un poco de tiempo libre bajo el sol, lejos del bullicio de la ciudad. Son precisamente estos lugares de ocio en la sociedad postindustrial los que interesan a Txema Salvans, cuyas im\u00e1genes de ellos resaltan toda su banalidad surrealista y agudizan la divertida sensaci\u00f3n de extra\u00f1eza que engendran. Lo hace por medio de dos recursos ret\u00f3ricos. En primer lugar, manteniendo un punto de vista lo suficientemente distanciado para priorizar la escena y su entorno circundante por encima de los sujetos individuales y sus expresiones, y en segundo lugar, y m\u00e1s importante, mediante el mecanismo de la elipsis. La mayor\u00eda de las fotograf\u00edas fueron tomadas en la playa o cerca del mar, y es por tanto el mar lo que justifica la presencia de gente nadando, pescando o jugando en la arena. Y sin embargo, el mar es siempre invisible, porque Salvans se sit\u00faa entre el agua y los personajes, invirtiendo la direcci\u00f3n de su mirada. En consecuencia, lo que nos muestra la c\u00e1mara es la perspectiva degradada a la que los personajes quieren dar la espalda. Darle la espalda a algo es ignorarlo, incluso fingir que no existe. La obra de Salvans nos habla, pues, de este delirio colectivo que nos lleva a fantasear con estos ef\u00edmeros retazos de para\u00edso. Como no tenemos forma de saber si otro para\u00edso es posible, nos contentamos con estos momentos de tranquilidad e incluso de felicidad entre el hormig\u00f3n y las f\u00e1bricas. Pero tambi\u00e9n nos habla de una paradoja en la pol\u00edtica de ver. La paradoja es que a nosotros, los espectadores de las fotograf\u00edas, se nos niega la posibilidad de ver lo que los actores de las fotograf\u00edas quieren ver, mientras que lo que se nos frota ante los ojos es lo que ellos no quieren ver. Es Salvans quien maneja las instancias de esa dial\u00e9ctica y al hacerlo demuestra, como sosten\u00eda Nietzsche, que no hay hechos, sino s\u00f3lo interpretaciones.    Hardcover, 100 pages Dimensions: 28 X 27.5 cm Text from Joan Foncuberta\" \/>\n<meta property=\"og:url\" content=\"https:\/\/txemasalvans.com\/es\/product\/perfect-day\/\" \/>\n<meta property=\"og:site_name\" content=\"Txema Salvans\" \/>\n<meta property=\"article:modified_time\" content=\"2025-03-31T15:32:53+00:00\" \/>\n<meta property=\"og:image\" content=\"https:\/\/txemasalvans.com\/wp-content\/uploads\/2025\/02\/Captura-de-pantalla-2020-03-09-a-las-17.55.56.png\" \/>\n\t<meta property=\"og:image:width\" content=\"1006\" \/>\n\t<meta property=\"og:image:height\" content=\"910\" \/>\n\t<meta property=\"og:image:type\" content=\"image\/png\" \/>\n<meta name=\"twitter:card\" content=\"summary_large_image\" \/>\n<script type=\"application\/ld+json\" class=\"yoast-schema-graph\">{\"@context\":\"https:\/\/schema.org\",\"@graph\":[{\"@type\":\"WebPage\",\"@id\":\"https:\/\/txemasalvans.com\/es\/product\/perfect-day\/\",\"url\":\"https:\/\/txemasalvans.com\/es\/product\/perfect-day\/\",\"name\":\"Perfect day - Txema Salvans\",\"isPartOf\":{\"@id\":\"https:\/\/txemasalvans.com\/es\/#website\"},\"primaryImageOfPage\":{\"@id\":\"https:\/\/txemasalvans.com\/es\/product\/perfect-day\/#primaryimage\"},\"image\":{\"@id\":\"https:\/\/txemasalvans.com\/es\/product\/perfect-day\/#primaryimage\"},\"thumbnailUrl\":\"https:\/\/txemasalvans.com\/wp-content\/uploads\/2025\/02\/Captura-de-pantalla-2020-03-09-a-las-17.55.56.png\",\"datePublished\":\"2025-03-28T11:36:32+00:00\",\"dateModified\":\"2025-03-31T15:32:53+00:00\",\"breadcrumb\":{\"@id\":\"https:\/\/txemasalvans.com\/es\/product\/perfect-day\/#breadcrumb\"},\"inLanguage\":\"es\",\"potentialAction\":[{\"@type\":\"ReadAction\",\"target\":[\"https:\/\/txemasalvans.com\/es\/product\/perfect-day\/\"]}]},{\"@type\":\"ImageObject\",\"inLanguage\":\"es\",\"@id\":\"https:\/\/txemasalvans.com\/es\/product\/perfect-day\/#primaryimage\",\"url\":\"https:\/\/txemasalvans.com\/wp-content\/uploads\/2025\/02\/Captura-de-pantalla-2020-03-09-a-las-17.55.56.png\",\"contentUrl\":\"https:\/\/txemasalvans.com\/wp-content\/uploads\/2025\/02\/Captura-de-pantalla-2020-03-09-a-las-17.55.56.png\",\"width\":1006,\"height\":910},{\"@type\":\"BreadcrumbList\",\"@id\":\"https:\/\/txemasalvans.com\/es\/product\/perfect-day\/#breadcrumb\",\"itemListElement\":[{\"@type\":\"ListItem\",\"position\":1,\"name\":\"Portada\",\"item\":\"https:\/\/txemasalvans.com\/es\/\"},{\"@type\":\"ListItem\",\"position\":2,\"name\":\"Tienda\",\"item\":\"https:\/\/txemasalvans.com\/es\/tienda\/\"},{\"@type\":\"ListItem\",\"position\":3,\"name\":\"Perfect day\"}]},{\"@type\":\"WebSite\",\"@id\":\"https:\/\/txemasalvans.com\/es\/#website\",\"url\":\"https:\/\/txemasalvans.com\/es\/\",\"name\":\"Txema Salvans\",\"description\":\"Photographer\",\"publisher\":{\"@id\":\"https:\/\/txemasalvans.com\/es\/#organization\"},\"potentialAction\":[{\"@type\":\"SearchAction\",\"target\":{\"@type\":\"EntryPoint\",\"urlTemplate\":\"https:\/\/txemasalvans.com\/es\/?s={search_term_string}\"},\"query-input\":{\"@type\":\"PropertyValueSpecification\",\"valueRequired\":true,\"valueName\":\"search_term_string\"}}],\"inLanguage\":\"es\"},{\"@type\":\"Organization\",\"@id\":\"https:\/\/txemasalvans.com\/es\/#organization\",\"name\":\"Txema Salvans\",\"url\":\"https:\/\/txemasalvans.com\/es\/\",\"logo\":{\"@type\":\"ImageObject\",\"inLanguage\":\"es\",\"@id\":\"https:\/\/txemasalvans.com\/es\/#\/schema\/logo\/image\/\",\"url\":\"https:\/\/txemasalvans.com\/wp-content\/uploads\/2025\/03\/cropped-logo.png\",\"contentUrl\":\"https:\/\/txemasalvans.com\/wp-content\/uploads\/2025\/03\/cropped-logo.png\",\"width\":452,\"height\":45,\"caption\":\"Txema Salvans\"},\"image\":{\"@id\":\"https:\/\/txemasalvans.com\/es\/#\/schema\/logo\/image\/\"}}]}<\/script>\n<!-- \/ Yoast SEO plugin. -->","yoast_head_json":{"title":"Perfect day - Txema Salvans","robots":{"index":"index","follow":"follow","max-snippet":"max-snippet:-1","max-image-preview":"max-image-preview:large","max-video-preview":"max-video-preview:-1"},"canonical":"https:\/\/txemasalvans.com\/es\/product\/perfect-day\/","og_locale":"es_ES","og_type":"article","og_title":"Perfect day - Txema Salvans","og_description":"Mientras que la cultura popular nos seduce con el mito de una naturaleza salvaje en la que escapar de las frustraciones de nuestra vida cotidiana, nuestra experiencia m\u00e1s habitual nos mantiene atados ya sea al turismo de masas o a escapadas fugaces a lugares que son simplemente lo que queda del paisaje: vestigios de lo que una vez fue campo, ahora invadido por la industria, los desarrollos inmobiliarios y las grandes superficies. Apropiados por necesidad y transformados por pura resiliencia, estos lugares han sido rescatados de su dimensi\u00f3n inh\u00f3spita para convertirse en opciones plausibles donde a\u00fan podemos disfrutar de un poco de tiempo libre bajo el sol, lejos del bullicio de la ciudad. Son precisamente estos lugares de ocio en la sociedad postindustrial los que interesan a Txema Salvans, cuyas im\u00e1genes de ellos resaltan toda su banalidad surrealista y agudizan la divertida sensaci\u00f3n de extra\u00f1eza que engendran. Lo hace por medio de dos recursos ret\u00f3ricos. En primer lugar, manteniendo un punto de vista lo suficientemente distanciado para priorizar la escena y su entorno circundante por encima de los sujetos individuales y sus expresiones, y en segundo lugar, y m\u00e1s importante, mediante el mecanismo de la elipsis. La mayor\u00eda de las fotograf\u00edas fueron tomadas en la playa o cerca del mar, y es por tanto el mar lo que justifica la presencia de gente nadando, pescando o jugando en la arena. Y sin embargo, el mar es siempre invisible, porque Salvans se sit\u00faa entre el agua y los personajes, invirtiendo la direcci\u00f3n de su mirada. En consecuencia, lo que nos muestra la c\u00e1mara es la perspectiva degradada a la que los personajes quieren dar la espalda. Darle la espalda a algo es ignorarlo, incluso fingir que no existe. La obra de Salvans nos habla, pues, de este delirio colectivo que nos lleva a fantasear con estos ef\u00edmeros retazos de para\u00edso. Como no tenemos forma de saber si otro para\u00edso es posible, nos contentamos con estos momentos de tranquilidad e incluso de felicidad entre el hormig\u00f3n y las f\u00e1bricas. Pero tambi\u00e9n nos habla de una paradoja en la pol\u00edtica de ver. La paradoja es que a nosotros, los espectadores de las fotograf\u00edas, se nos niega la posibilidad de ver lo que los actores de las fotograf\u00edas quieren ver, mientras que lo que se nos frota ante los ojos es lo que ellos no quieren ver. Es Salvans quien maneja las instancias de esa dial\u00e9ctica y al hacerlo demuestra, como sosten\u00eda Nietzsche, que no hay hechos, sino s\u00f3lo interpretaciones.    Hardcover, 100 pages Dimensions: 28 X 27.5 cm Text from Joan Foncuberta","og_url":"https:\/\/txemasalvans.com\/es\/product\/perfect-day\/","og_site_name":"Txema Salvans","article_modified_time":"2025-03-31T15:32:53+00:00","og_image":[{"width":1006,"height":910,"url":"https:\/\/txemasalvans.com\/wp-content\/uploads\/2025\/02\/Captura-de-pantalla-2020-03-09-a-las-17.55.56.png","type":"image\/png"}],"twitter_card":"summary_large_image","schema":{"@context":"https:\/\/schema.org","@graph":[{"@type":"WebPage","@id":"https:\/\/txemasalvans.com\/es\/product\/perfect-day\/","url":"https:\/\/txemasalvans.com\/es\/product\/perfect-day\/","name":"Perfect day - Txema Salvans","isPartOf":{"@id":"https:\/\/txemasalvans.com\/es\/#website"},"primaryImageOfPage":{"@id":"https:\/\/txemasalvans.com\/es\/product\/perfect-day\/#primaryimage"},"image":{"@id":"https:\/\/txemasalvans.com\/es\/product\/perfect-day\/#primaryimage"},"thumbnailUrl":"https:\/\/txemasalvans.com\/wp-content\/uploads\/2025\/02\/Captura-de-pantalla-2020-03-09-a-las-17.55.56.png","datePublished":"2025-03-28T11:36:32+00:00","dateModified":"2025-03-31T15:32:53+00:00","breadcrumb":{"@id":"https:\/\/txemasalvans.com\/es\/product\/perfect-day\/#breadcrumb"},"inLanguage":"es","potentialAction":[{"@type":"ReadAction","target":["https:\/\/txemasalvans.com\/es\/product\/perfect-day\/"]}]},{"@type":"ImageObject","inLanguage":"es","@id":"https:\/\/txemasalvans.com\/es\/product\/perfect-day\/#primaryimage","url":"https:\/\/txemasalvans.com\/wp-content\/uploads\/2025\/02\/Captura-de-pantalla-2020-03-09-a-las-17.55.56.png","contentUrl":"https:\/\/txemasalvans.com\/wp-content\/uploads\/2025\/02\/Captura-de-pantalla-2020-03-09-a-las-17.55.56.png","width":1006,"height":910},{"@type":"BreadcrumbList","@id":"https:\/\/txemasalvans.com\/es\/product\/perfect-day\/#breadcrumb","itemListElement":[{"@type":"ListItem","position":1,"name":"Portada","item":"https:\/\/txemasalvans.com\/es\/"},{"@type":"ListItem","position":2,"name":"Tienda","item":"https:\/\/txemasalvans.com\/es\/tienda\/"},{"@type":"ListItem","position":3,"name":"Perfect day"}]},{"@type":"WebSite","@id":"https:\/\/txemasalvans.com\/es\/#website","url":"https:\/\/txemasalvans.com\/es\/","name":"Txema Salvans","description":"Photographer","publisher":{"@id":"https:\/\/txemasalvans.com\/es\/#organization"},"potentialAction":[{"@type":"SearchAction","target":{"@type":"EntryPoint","urlTemplate":"https:\/\/txemasalvans.com\/es\/?s={search_term_string}"},"query-input":{"@type":"PropertyValueSpecification","valueRequired":true,"valueName":"search_term_string"}}],"inLanguage":"es"},{"@type":"Organization","@id":"https:\/\/txemasalvans.com\/es\/#organization","name":"Txema Salvans","url":"https:\/\/txemasalvans.com\/es\/","logo":{"@type":"ImageObject","inLanguage":"es","@id":"https:\/\/txemasalvans.com\/es\/#\/schema\/logo\/image\/","url":"https:\/\/txemasalvans.com\/wp-content\/uploads\/2025\/03\/cropped-logo.png","contentUrl":"https:\/\/txemasalvans.com\/wp-content\/uploads\/2025\/03\/cropped-logo.png","width":452,"height":45,"caption":"Txema Salvans"},"image":{"@id":"https:\/\/txemasalvans.com\/es\/#\/schema\/logo\/image\/"}}]}},"_links":{"self":[{"href":"https:\/\/txemasalvans.com\/es\/wp-json\/wp\/v2\/product\/1320","targetHints":{"allow":["GET"]}}],"collection":[{"href":"https:\/\/txemasalvans.com\/es\/wp-json\/wp\/v2\/product"}],"about":[{"href":"https:\/\/txemasalvans.com\/es\/wp-json\/wp\/v2\/types\/product"}],"wp:featuredmedia":[{"embeddable":true,"href":"https:\/\/txemasalvans.com\/es\/wp-json\/wp\/v2\/media\/762"}],"wp:attachment":[{"href":"https:\/\/txemasalvans.com\/es\/wp-json\/wp\/v2\/media?parent=1320"}],"wp:term":[{"taxonomy":"product_brand","embeddable":true,"href":"https:\/\/txemasalvans.com\/es\/wp-json\/wp\/v2\/product_brand?post=1320"},{"taxonomy":"product_cat","embeddable":true,"href":"https:\/\/txemasalvans.com\/es\/wp-json\/wp\/v2\/product_cat?post=1320"},{"taxonomy":"product_tag","embeddable":true,"href":"https:\/\/txemasalvans.com\/es\/wp-json\/wp\/v2\/product_tag?post=1320"}],"curies":[{"name":"wp","href":"https:\/\/api.w.org\/{rel}","templated":true}]}}