{"id":1321,"date":"2025-03-28T11:33:26","date_gmt":"2025-03-28T11:33:26","guid":{"rendered":"https:\/\/txemasalvans.com\/product\/the-waiting-game-ii\/"},"modified":"2025-03-31T15:32:53","modified_gmt":"2025-03-31T15:32:53","slug":"the-waiting-game-ii","status":"publish","type":"product","link":"https:\/\/txemasalvans.com\/es\/product\/the-waiting-game-ii\/","title":{"rendered":"The waiting game II"},"content":{"rendered":"","protected":false},"excerpt":{"rendered":"<div class=\"elementor-element elementor-element-a681b4c elementor-widget elementor-widget-text-editor\" data-id=\"a681b4c\" data-element_type=\"widget\" data-widget_type=\"text-editor.default\">\n<div class=\"elementor-widget-container\">\n<p>La serie anterior de Txema Salvans tambi\u00e9n trataba sobre la vida en los huecos y los m\u00e1rgenes. Mostraba mujeres solas, probablemente prostitutas, sentadas o de pie en paisajes muy similares a los que se ven aqu\u00ed.<br \/>\nEn este libro, las figuras est\u00e1n junto al agua. En el libro anterior, junto a las carreteras. Todas esperan y, en cierto sentido, todas pescan. (No es casualidad que el t\u00e9rmino coloquial para prostituta sea \u00abhooker\u00bb).<br \/>\nLa fotograf\u00eda puede ser cuesti\u00f3n de \u00f3ptica fr\u00eda y geometr\u00eda, pero tambi\u00e9n invita a la conexi\u00f3n y la empat\u00eda. Encontrar el equilibrio no es f\u00e1cil. Es tentador usar la c\u00e1mara simplemente para objetivar y embellecer. Tambi\u00e9n es tentador usarla de una manera que pretenda revelar la vida interior de quienes son fotografiados. Salvans se resiste a ambas. Se sit\u00faa a s\u00ed mismo, y a nosotros, en la c\u00faspide de la belleza y la fealdad, del conocimiento y la ignorancia, a la espera de algo m\u00e1s.     <\/p>\n<p>&nbsp;<\/p>\n<p>Mira este<strong> <a href=\"https:\/\/vimeo.com\/229160587\" target=\"_blank\" rel=\"noopener\">v\u00eddeo <\/a><\/strong>sobre el libro<\/p>\n<\/div>\n<\/div>\n<div class=\"elementor-element elementor-element-688fbcd elementor-widget elementor-widget-text-editor\" data-id=\"688fbcd\" data-element_type=\"widget\" data-widget_type=\"text-editor.default\">\n<div class=\"elementor-widget-container\">\n<p>Hardcover, 88 pages.<br \/>\nDimensions: 33.5cm X 25cm<br \/>\nText from David Campany, Gabi Mart\u00ednez<\/p>\n<\/div>\n<\/div>\n","protected":false},"featured_media":969,"template":"","meta":{"_acf_changed":false},"product_brand":[],"product_cat":[],"product_tag":[],"class_list":{"0":"post-1321","1":"product","2":"type-product","3":"status-publish","4":"has-post-thumbnail","7":"first","8":"instock","9":"taxable","10":"shipping-taxable","11":"purchasable","12":"product-type-simple"},"acf":[],"yoast_head":"<!-- This site is optimized with the Yoast SEO plugin v27.1.1 - https:\/\/yoast.com\/product\/yoast-seo-wordpress\/ -->\n<title>The waiting game II - Txema Salvans<\/title>\n<meta name=\"robots\" content=\"index, follow, max-snippet:-1, max-image-preview:large, max-video-preview:-1\" \/>\n<link rel=\"canonical\" href=\"https:\/\/txemasalvans.com\/es\/product\/the-waiting-game-ii\/\" \/>\n<meta property=\"og:locale\" content=\"es_ES\" \/>\n<meta property=\"og:type\" content=\"article\" \/>\n<meta property=\"og:title\" content=\"The waiting game II - Txema Salvans\" \/>\n<meta property=\"og:description\" content=\"La serie anterior de Txema Salvans tambi\u00e9n trataba sobre la vida en los huecos y los m\u00e1rgenes. Mostraba mujeres solas, probablemente prostitutas, sentadas o de pie en paisajes muy similares a los que se ven aqu\u00ed. En este libro, las figuras est\u00e1n junto al agua. En el libro anterior, junto a las carreteras. Todas esperan y, en cierto sentido, todas pescan. (No es casualidad que el t\u00e9rmino coloquial para prostituta sea \u00abhooker\u00bb).   La fotograf\u00eda puede ser cuesti\u00f3n de \u00f3ptica fr\u00eda y geometr\u00eda, pero tambi\u00e9n invita a la conexi\u00f3n y la empat\u00eda. Encontrar el equilibrio no es f\u00e1cil. Es tentador usar la c\u00e1mara simplemente para objetivar y embellecer. Tambi\u00e9n es tentador usarla de una manera que pretenda revelar la vida interior de quienes son fotografiados. Salvans se resiste a ambas. Se sit\u00faa a s\u00ed mismo, y a nosotros, en la c\u00faspide de la belleza y la fealdad, del conocimiento y la ignorancia, a la espera de algo m\u00e1s.    &nbsp; Mira este v\u00eddeo sobre el libro    Hardcover, 88 pages. Dimensions: 33.5cm X 25cm Text from David Campany, Gabi Mart\u00ednez\" \/>\n<meta property=\"og:url\" content=\"https:\/\/txemasalvans.com\/es\/product\/the-waiting-game-ii\/\" \/>\n<meta property=\"og:site_name\" content=\"Txema Salvans\" \/>\n<meta property=\"article:modified_time\" content=\"2025-03-31T15:32:53+00:00\" \/>\n<meta property=\"og:image\" content=\"https:\/\/txemasalvans.com\/wp-content\/uploads\/2025\/02\/the-waiting-game-2-book.jpg\" \/>\n\t<meta property=\"og:image:width\" content=\"600\" \/>\n\t<meta property=\"og:image:height\" content=\"600\" \/>\n\t<meta property=\"og:image:type\" content=\"image\/jpeg\" \/>\n<meta name=\"twitter:card\" content=\"summary_large_image\" \/>\n<script type=\"application\/ld+json\" class=\"yoast-schema-graph\">{\"@context\":\"https:\/\/schema.org\",\"@graph\":[{\"@type\":\"WebPage\",\"@id\":\"https:\/\/txemasalvans.com\/es\/product\/the-waiting-game-ii\/\",\"url\":\"https:\/\/txemasalvans.com\/es\/product\/the-waiting-game-ii\/\",\"name\":\"The waiting game II - Txema Salvans\",\"isPartOf\":{\"@id\":\"https:\/\/txemasalvans.com\/es\/#website\"},\"primaryImageOfPage\":{\"@id\":\"https:\/\/txemasalvans.com\/es\/product\/the-waiting-game-ii\/#primaryimage\"},\"image\":{\"@id\":\"https:\/\/txemasalvans.com\/es\/product\/the-waiting-game-ii\/#primaryimage\"},\"thumbnailUrl\":\"https:\/\/txemasalvans.com\/wp-content\/uploads\/2025\/02\/the-waiting-game-2-book.jpg\",\"datePublished\":\"2025-03-28T11:33:26+00:00\",\"dateModified\":\"2025-03-31T15:32:53+00:00\",\"breadcrumb\":{\"@id\":\"https:\/\/txemasalvans.com\/es\/product\/the-waiting-game-ii\/#breadcrumb\"},\"inLanguage\":\"es\",\"potentialAction\":[{\"@type\":\"ReadAction\",\"target\":[\"https:\/\/txemasalvans.com\/es\/product\/the-waiting-game-ii\/\"]}]},{\"@type\":\"ImageObject\",\"inLanguage\":\"es\",\"@id\":\"https:\/\/txemasalvans.com\/es\/product\/the-waiting-game-ii\/#primaryimage\",\"url\":\"https:\/\/txemasalvans.com\/wp-content\/uploads\/2025\/02\/the-waiting-game-2-book.jpg\",\"contentUrl\":\"https:\/\/txemasalvans.com\/wp-content\/uploads\/2025\/02\/the-waiting-game-2-book.jpg\",\"width\":600,\"height\":600},{\"@type\":\"BreadcrumbList\",\"@id\":\"https:\/\/txemasalvans.com\/es\/product\/the-waiting-game-ii\/#breadcrumb\",\"itemListElement\":[{\"@type\":\"ListItem\",\"position\":1,\"name\":\"Portada\",\"item\":\"https:\/\/txemasalvans.com\/es\/\"},{\"@type\":\"ListItem\",\"position\":2,\"name\":\"Tienda\",\"item\":\"https:\/\/txemasalvans.com\/es\/tienda\/\"},{\"@type\":\"ListItem\",\"position\":3,\"name\":\"The waiting game II\"}]},{\"@type\":\"WebSite\",\"@id\":\"https:\/\/txemasalvans.com\/es\/#website\",\"url\":\"https:\/\/txemasalvans.com\/es\/\",\"name\":\"Txema Salvans\",\"description\":\"Photographer\",\"publisher\":{\"@id\":\"https:\/\/txemasalvans.com\/es\/#organization\"},\"potentialAction\":[{\"@type\":\"SearchAction\",\"target\":{\"@type\":\"EntryPoint\",\"urlTemplate\":\"https:\/\/txemasalvans.com\/es\/?s={search_term_string}\"},\"query-input\":{\"@type\":\"PropertyValueSpecification\",\"valueRequired\":true,\"valueName\":\"search_term_string\"}}],\"inLanguage\":\"es\"},{\"@type\":\"Organization\",\"@id\":\"https:\/\/txemasalvans.com\/es\/#organization\",\"name\":\"Txema Salvans\",\"url\":\"https:\/\/txemasalvans.com\/es\/\",\"logo\":{\"@type\":\"ImageObject\",\"inLanguage\":\"es\",\"@id\":\"https:\/\/txemasalvans.com\/es\/#\/schema\/logo\/image\/\",\"url\":\"https:\/\/txemasalvans.com\/wp-content\/uploads\/2025\/03\/cropped-logo.png\",\"contentUrl\":\"https:\/\/txemasalvans.com\/wp-content\/uploads\/2025\/03\/cropped-logo.png\",\"width\":452,\"height\":45,\"caption\":\"Txema Salvans\"},\"image\":{\"@id\":\"https:\/\/txemasalvans.com\/es\/#\/schema\/logo\/image\/\"}}]}<\/script>\n<!-- \/ Yoast SEO plugin. -->","yoast_head_json":{"title":"The waiting game II - Txema Salvans","robots":{"index":"index","follow":"follow","max-snippet":"max-snippet:-1","max-image-preview":"max-image-preview:large","max-video-preview":"max-video-preview:-1"},"canonical":"https:\/\/txemasalvans.com\/es\/product\/the-waiting-game-ii\/","og_locale":"es_ES","og_type":"article","og_title":"The waiting game II - Txema Salvans","og_description":"La serie anterior de Txema Salvans tambi\u00e9n trataba sobre la vida en los huecos y los m\u00e1rgenes. Mostraba mujeres solas, probablemente prostitutas, sentadas o de pie en paisajes muy similares a los que se ven aqu\u00ed. En este libro, las figuras est\u00e1n junto al agua. En el libro anterior, junto a las carreteras. Todas esperan y, en cierto sentido, todas pescan. (No es casualidad que el t\u00e9rmino coloquial para prostituta sea \u00abhooker\u00bb).   La fotograf\u00eda puede ser cuesti\u00f3n de \u00f3ptica fr\u00eda y geometr\u00eda, pero tambi\u00e9n invita a la conexi\u00f3n y la empat\u00eda. Encontrar el equilibrio no es f\u00e1cil. Es tentador usar la c\u00e1mara simplemente para objetivar y embellecer. Tambi\u00e9n es tentador usarla de una manera que pretenda revelar la vida interior de quienes son fotografiados. Salvans se resiste a ambas. Se sit\u00faa a s\u00ed mismo, y a nosotros, en la c\u00faspide de la belleza y la fealdad, del conocimiento y la ignorancia, a la espera de algo m\u00e1s.    &nbsp; Mira este v\u00eddeo sobre el libro    Hardcover, 88 pages. Dimensions: 33.5cm X 25cm Text from David Campany, Gabi Mart\u00ednez","og_url":"https:\/\/txemasalvans.com\/es\/product\/the-waiting-game-ii\/","og_site_name":"Txema Salvans","article_modified_time":"2025-03-31T15:32:53+00:00","og_image":[{"width":600,"height":600,"url":"https:\/\/txemasalvans.com\/wp-content\/uploads\/2025\/02\/the-waiting-game-2-book.jpg","type":"image\/jpeg"}],"twitter_card":"summary_large_image","schema":{"@context":"https:\/\/schema.org","@graph":[{"@type":"WebPage","@id":"https:\/\/txemasalvans.com\/es\/product\/the-waiting-game-ii\/","url":"https:\/\/txemasalvans.com\/es\/product\/the-waiting-game-ii\/","name":"The waiting game II - Txema Salvans","isPartOf":{"@id":"https:\/\/txemasalvans.com\/es\/#website"},"primaryImageOfPage":{"@id":"https:\/\/txemasalvans.com\/es\/product\/the-waiting-game-ii\/#primaryimage"},"image":{"@id":"https:\/\/txemasalvans.com\/es\/product\/the-waiting-game-ii\/#primaryimage"},"thumbnailUrl":"https:\/\/txemasalvans.com\/wp-content\/uploads\/2025\/02\/the-waiting-game-2-book.jpg","datePublished":"2025-03-28T11:33:26+00:00","dateModified":"2025-03-31T15:32:53+00:00","breadcrumb":{"@id":"https:\/\/txemasalvans.com\/es\/product\/the-waiting-game-ii\/#breadcrumb"},"inLanguage":"es","potentialAction":[{"@type":"ReadAction","target":["https:\/\/txemasalvans.com\/es\/product\/the-waiting-game-ii\/"]}]},{"@type":"ImageObject","inLanguage":"es","@id":"https:\/\/txemasalvans.com\/es\/product\/the-waiting-game-ii\/#primaryimage","url":"https:\/\/txemasalvans.com\/wp-content\/uploads\/2025\/02\/the-waiting-game-2-book.jpg","contentUrl":"https:\/\/txemasalvans.com\/wp-content\/uploads\/2025\/02\/the-waiting-game-2-book.jpg","width":600,"height":600},{"@type":"BreadcrumbList","@id":"https:\/\/txemasalvans.com\/es\/product\/the-waiting-game-ii\/#breadcrumb","itemListElement":[{"@type":"ListItem","position":1,"name":"Portada","item":"https:\/\/txemasalvans.com\/es\/"},{"@type":"ListItem","position":2,"name":"Tienda","item":"https:\/\/txemasalvans.com\/es\/tienda\/"},{"@type":"ListItem","position":3,"name":"The waiting game II"}]},{"@type":"WebSite","@id":"https:\/\/txemasalvans.com\/es\/#website","url":"https:\/\/txemasalvans.com\/es\/","name":"Txema Salvans","description":"Photographer","publisher":{"@id":"https:\/\/txemasalvans.com\/es\/#organization"},"potentialAction":[{"@type":"SearchAction","target":{"@type":"EntryPoint","urlTemplate":"https:\/\/txemasalvans.com\/es\/?s={search_term_string}"},"query-input":{"@type":"PropertyValueSpecification","valueRequired":true,"valueName":"search_term_string"}}],"inLanguage":"es"},{"@type":"Organization","@id":"https:\/\/txemasalvans.com\/es\/#organization","name":"Txema Salvans","url":"https:\/\/txemasalvans.com\/es\/","logo":{"@type":"ImageObject","inLanguage":"es","@id":"https:\/\/txemasalvans.com\/es\/#\/schema\/logo\/image\/","url":"https:\/\/txemasalvans.com\/wp-content\/uploads\/2025\/03\/cropped-logo.png","contentUrl":"https:\/\/txemasalvans.com\/wp-content\/uploads\/2025\/03\/cropped-logo.png","width":452,"height":45,"caption":"Txema Salvans"},"image":{"@id":"https:\/\/txemasalvans.com\/es\/#\/schema\/logo\/image\/"}}]}},"_links":{"self":[{"href":"https:\/\/txemasalvans.com\/es\/wp-json\/wp\/v2\/product\/1321","targetHints":{"allow":["GET"]}}],"collection":[{"href":"https:\/\/txemasalvans.com\/es\/wp-json\/wp\/v2\/product"}],"about":[{"href":"https:\/\/txemasalvans.com\/es\/wp-json\/wp\/v2\/types\/product"}],"wp:featuredmedia":[{"embeddable":true,"href":"https:\/\/txemasalvans.com\/es\/wp-json\/wp\/v2\/media\/969"}],"wp:attachment":[{"href":"https:\/\/txemasalvans.com\/es\/wp-json\/wp\/v2\/media?parent=1321"}],"wp:term":[{"taxonomy":"product_brand","embeddable":true,"href":"https:\/\/txemasalvans.com\/es\/wp-json\/wp\/v2\/product_brand?post=1321"},{"taxonomy":"product_cat","embeddable":true,"href":"https:\/\/txemasalvans.com\/es\/wp-json\/wp\/v2\/product_cat?post=1321"},{"taxonomy":"product_tag","embeddable":true,"href":"https:\/\/txemasalvans.com\/es\/wp-json\/wp\/v2\/product_tag?post=1321"}],"curies":[{"name":"wp","href":"https:\/\/api.w.org\/{rel}","templated":true}]}}