{"id":1322,"date":"2025-03-28T11:32:53","date_gmt":"2025-03-28T11:32:53","guid":{"rendered":"https:\/\/txemasalvans.com\/product\/the-waiting-game-i\/"},"modified":"2025-03-31T15:32:53","modified_gmt":"2025-03-31T15:32:53","slug":"the-waiting-game-i","status":"publish","type":"product","link":"https:\/\/txemasalvans.com\/es\/product\/the-waiting-game-i\/","title":{"rendered":"The waiting game I"},"content":{"rendered":"","protected":false},"excerpt":{"rendered":"<div class=\"elementor-element elementor-element-dac4712 elementor-widget elementor-widget-text-editor\" data-id=\"dac4712\" data-element_type=\"widget\" data-widget_type=\"text-editor.default\">\n<div class=\"elementor-widget-container\">\n<p>The Waiting Game re\u00fane una serie de fotograf\u00edas tomadas por Txema Salvans a lo largo de seis a\u00f1os a lo largo de la costa mediterr\u00e1nea espa\u00f1ola. Conforma un impactante cuadro de necesidad y deseo, donde el concepto y la expresi\u00f3n visual encajan a la perfecci\u00f3n. La esencia de la obra es una exploraci\u00f3n de la variada y a menudo sorprendente gama de anhelos y comportamientos humanos.<br \/>\nTxema fotografi\u00f3 el ejercicio de la prostituci\u00f3n en carreteras y autopistas en su contexto real: las intersecciones y rotondas, los callejones sin salida de los pol\u00edgonos, los arcenes de la carretera. Lugares marginales que sirven de escenario a una actividad tan sobreexpuesta como la prostituci\u00f3n.   <\/p>\n<p>&nbsp;<\/p>\n<\/div>\n<\/div>\n<div class=\"elementor-element elementor-element-5f148b7 elementor-widget elementor-widget-text-editor\" data-id=\"5f148b7\" data-element_type=\"widget\" data-widget_type=\"text-editor.default\">\n<div class=\"elementor-widget-container\">\n<p>Hardcover, 88 pages.<br \/>\nDimensions: 33.5cm X 25cm<br \/>\nText from Martin Parr, Jhon Carlin<\/p>\n<\/div>\n<\/div>\n","protected":false},"featured_media":764,"template":"","meta":{"_acf_changed":false},"product_brand":[],"product_cat":[],"product_tag":[],"class_list":{"0":"post-1322","1":"product","2":"type-product","3":"status-publish","4":"has-post-thumbnail","7":"first","8":"outofstock","9":"taxable","10":"shipping-taxable","11":"purchasable","12":"product-type-simple"},"acf":[],"yoast_head":"<!-- This site is optimized with the Yoast SEO plugin v27.1.1 - https:\/\/yoast.com\/product\/yoast-seo-wordpress\/ -->\n<title>The waiting game I - Txema Salvans<\/title>\n<meta name=\"robots\" content=\"index, follow, max-snippet:-1, max-image-preview:large, max-video-preview:-1\" \/>\n<link rel=\"canonical\" href=\"https:\/\/txemasalvans.com\/es\/product\/the-waiting-game-i\/\" \/>\n<meta property=\"og:locale\" content=\"es_ES\" \/>\n<meta property=\"og:type\" content=\"article\" \/>\n<meta property=\"og:title\" content=\"The waiting game I - Txema Salvans\" \/>\n<meta property=\"og:description\" content=\"The Waiting Game re\u00fane una serie de fotograf\u00edas tomadas por Txema Salvans a lo largo de seis a\u00f1os a lo largo de la costa mediterr\u00e1nea espa\u00f1ola. Conforma un impactante cuadro de necesidad y deseo, donde el concepto y la expresi\u00f3n visual encajan a la perfecci\u00f3n. La esencia de la obra es una exploraci\u00f3n de la variada y a menudo sorprendente gama de anhelos y comportamientos humanos. Txema fotografi\u00f3 el ejercicio de la prostituci\u00f3n en carreteras y autopistas en su contexto real: las intersecciones y rotondas, los callejones sin salida de los pol\u00edgonos, los arcenes de la carretera. Lugares marginales que sirven de escenario a una actividad tan sobreexpuesta como la prostituci\u00f3n.   &nbsp;    Hardcover, 88 pages. Dimensions: 33.5cm X 25cm Text from Martin Parr, Jhon Carlin\" \/>\n<meta property=\"og:url\" content=\"https:\/\/txemasalvans.com\/es\/product\/the-waiting-game-i\/\" \/>\n<meta property=\"og:site_name\" content=\"Txema Salvans\" \/>\n<meta property=\"article:modified_time\" content=\"2025-03-31T15:32:53+00:00\" \/>\n<meta property=\"og:image\" content=\"https:\/\/txemasalvans.com\/wp-content\/uploads\/2025\/02\/destacat-llibre.jpg\" \/>\n\t<meta property=\"og:image:width\" content=\"600\" \/>\n\t<meta property=\"og:image:height\" content=\"600\" \/>\n\t<meta property=\"og:image:type\" content=\"image\/jpeg\" \/>\n<meta name=\"twitter:card\" content=\"summary_large_image\" \/>\n<script type=\"application\/ld+json\" class=\"yoast-schema-graph\">{\"@context\":\"https:\/\/schema.org\",\"@graph\":[{\"@type\":\"WebPage\",\"@id\":\"https:\/\/txemasalvans.com\/es\/product\/the-waiting-game-i\/\",\"url\":\"https:\/\/txemasalvans.com\/es\/product\/the-waiting-game-i\/\",\"name\":\"The waiting game I - Txema Salvans\",\"isPartOf\":{\"@id\":\"https:\/\/txemasalvans.com\/es\/#website\"},\"primaryImageOfPage\":{\"@id\":\"https:\/\/txemasalvans.com\/es\/product\/the-waiting-game-i\/#primaryimage\"},\"image\":{\"@id\":\"https:\/\/txemasalvans.com\/es\/product\/the-waiting-game-i\/#primaryimage\"},\"thumbnailUrl\":\"https:\/\/txemasalvans.com\/wp-content\/uploads\/2025\/02\/destacat-llibre.jpg\",\"datePublished\":\"2025-03-28T11:32:53+00:00\",\"dateModified\":\"2025-03-31T15:32:53+00:00\",\"breadcrumb\":{\"@id\":\"https:\/\/txemasalvans.com\/es\/product\/the-waiting-game-i\/#breadcrumb\"},\"inLanguage\":\"es\",\"potentialAction\":[{\"@type\":\"ReadAction\",\"target\":[\"https:\/\/txemasalvans.com\/es\/product\/the-waiting-game-i\/\"]}]},{\"@type\":\"ImageObject\",\"inLanguage\":\"es\",\"@id\":\"https:\/\/txemasalvans.com\/es\/product\/the-waiting-game-i\/#primaryimage\",\"url\":\"https:\/\/txemasalvans.com\/wp-content\/uploads\/2025\/02\/destacat-llibre.jpg\",\"contentUrl\":\"https:\/\/txemasalvans.com\/wp-content\/uploads\/2025\/02\/destacat-llibre.jpg\",\"width\":600,\"height\":600},{\"@type\":\"BreadcrumbList\",\"@id\":\"https:\/\/txemasalvans.com\/es\/product\/the-waiting-game-i\/#breadcrumb\",\"itemListElement\":[{\"@type\":\"ListItem\",\"position\":1,\"name\":\"Portada\",\"item\":\"https:\/\/txemasalvans.com\/es\/\"},{\"@type\":\"ListItem\",\"position\":2,\"name\":\"Tienda\",\"item\":\"https:\/\/txemasalvans.com\/es\/tienda\/\"},{\"@type\":\"ListItem\",\"position\":3,\"name\":\"The waiting game I\"}]},{\"@type\":\"WebSite\",\"@id\":\"https:\/\/txemasalvans.com\/es\/#website\",\"url\":\"https:\/\/txemasalvans.com\/es\/\",\"name\":\"Txema Salvans\",\"description\":\"Photographer\",\"publisher\":{\"@id\":\"https:\/\/txemasalvans.com\/es\/#organization\"},\"potentialAction\":[{\"@type\":\"SearchAction\",\"target\":{\"@type\":\"EntryPoint\",\"urlTemplate\":\"https:\/\/txemasalvans.com\/es\/?s={search_term_string}\"},\"query-input\":{\"@type\":\"PropertyValueSpecification\",\"valueRequired\":true,\"valueName\":\"search_term_string\"}}],\"inLanguage\":\"es\"},{\"@type\":\"Organization\",\"@id\":\"https:\/\/txemasalvans.com\/es\/#organization\",\"name\":\"Txema Salvans\",\"url\":\"https:\/\/txemasalvans.com\/es\/\",\"logo\":{\"@type\":\"ImageObject\",\"inLanguage\":\"es\",\"@id\":\"https:\/\/txemasalvans.com\/es\/#\/schema\/logo\/image\/\",\"url\":\"https:\/\/txemasalvans.com\/wp-content\/uploads\/2025\/03\/cropped-logo.png\",\"contentUrl\":\"https:\/\/txemasalvans.com\/wp-content\/uploads\/2025\/03\/cropped-logo.png\",\"width\":452,\"height\":45,\"caption\":\"Txema Salvans\"},\"image\":{\"@id\":\"https:\/\/txemasalvans.com\/es\/#\/schema\/logo\/image\/\"}}]}<\/script>\n<!-- \/ Yoast SEO plugin. -->","yoast_head_json":{"title":"The waiting game I - Txema Salvans","robots":{"index":"index","follow":"follow","max-snippet":"max-snippet:-1","max-image-preview":"max-image-preview:large","max-video-preview":"max-video-preview:-1"},"canonical":"https:\/\/txemasalvans.com\/es\/product\/the-waiting-game-i\/","og_locale":"es_ES","og_type":"article","og_title":"The waiting game I - Txema Salvans","og_description":"The Waiting Game re\u00fane una serie de fotograf\u00edas tomadas por Txema Salvans a lo largo de seis a\u00f1os a lo largo de la costa mediterr\u00e1nea espa\u00f1ola. Conforma un impactante cuadro de necesidad y deseo, donde el concepto y la expresi\u00f3n visual encajan a la perfecci\u00f3n. La esencia de la obra es una exploraci\u00f3n de la variada y a menudo sorprendente gama de anhelos y comportamientos humanos. Txema fotografi\u00f3 el ejercicio de la prostituci\u00f3n en carreteras y autopistas en su contexto real: las intersecciones y rotondas, los callejones sin salida de los pol\u00edgonos, los arcenes de la carretera. Lugares marginales que sirven de escenario a una actividad tan sobreexpuesta como la prostituci\u00f3n.   &nbsp;    Hardcover, 88 pages. Dimensions: 33.5cm X 25cm Text from Martin Parr, Jhon Carlin","og_url":"https:\/\/txemasalvans.com\/es\/product\/the-waiting-game-i\/","og_site_name":"Txema Salvans","article_modified_time":"2025-03-31T15:32:53+00:00","og_image":[{"width":600,"height":600,"url":"https:\/\/txemasalvans.com\/wp-content\/uploads\/2025\/02\/destacat-llibre.jpg","type":"image\/jpeg"}],"twitter_card":"summary_large_image","schema":{"@context":"https:\/\/schema.org","@graph":[{"@type":"WebPage","@id":"https:\/\/txemasalvans.com\/es\/product\/the-waiting-game-i\/","url":"https:\/\/txemasalvans.com\/es\/product\/the-waiting-game-i\/","name":"The waiting game I - Txema Salvans","isPartOf":{"@id":"https:\/\/txemasalvans.com\/es\/#website"},"primaryImageOfPage":{"@id":"https:\/\/txemasalvans.com\/es\/product\/the-waiting-game-i\/#primaryimage"},"image":{"@id":"https:\/\/txemasalvans.com\/es\/product\/the-waiting-game-i\/#primaryimage"},"thumbnailUrl":"https:\/\/txemasalvans.com\/wp-content\/uploads\/2025\/02\/destacat-llibre.jpg","datePublished":"2025-03-28T11:32:53+00:00","dateModified":"2025-03-31T15:32:53+00:00","breadcrumb":{"@id":"https:\/\/txemasalvans.com\/es\/product\/the-waiting-game-i\/#breadcrumb"},"inLanguage":"es","potentialAction":[{"@type":"ReadAction","target":["https:\/\/txemasalvans.com\/es\/product\/the-waiting-game-i\/"]}]},{"@type":"ImageObject","inLanguage":"es","@id":"https:\/\/txemasalvans.com\/es\/product\/the-waiting-game-i\/#primaryimage","url":"https:\/\/txemasalvans.com\/wp-content\/uploads\/2025\/02\/destacat-llibre.jpg","contentUrl":"https:\/\/txemasalvans.com\/wp-content\/uploads\/2025\/02\/destacat-llibre.jpg","width":600,"height":600},{"@type":"BreadcrumbList","@id":"https:\/\/txemasalvans.com\/es\/product\/the-waiting-game-i\/#breadcrumb","itemListElement":[{"@type":"ListItem","position":1,"name":"Portada","item":"https:\/\/txemasalvans.com\/es\/"},{"@type":"ListItem","position":2,"name":"Tienda","item":"https:\/\/txemasalvans.com\/es\/tienda\/"},{"@type":"ListItem","position":3,"name":"The waiting game I"}]},{"@type":"WebSite","@id":"https:\/\/txemasalvans.com\/es\/#website","url":"https:\/\/txemasalvans.com\/es\/","name":"Txema Salvans","description":"Photographer","publisher":{"@id":"https:\/\/txemasalvans.com\/es\/#organization"},"potentialAction":[{"@type":"SearchAction","target":{"@type":"EntryPoint","urlTemplate":"https:\/\/txemasalvans.com\/es\/?s={search_term_string}"},"query-input":{"@type":"PropertyValueSpecification","valueRequired":true,"valueName":"search_term_string"}}],"inLanguage":"es"},{"@type":"Organization","@id":"https:\/\/txemasalvans.com\/es\/#organization","name":"Txema Salvans","url":"https:\/\/txemasalvans.com\/es\/","logo":{"@type":"ImageObject","inLanguage":"es","@id":"https:\/\/txemasalvans.com\/es\/#\/schema\/logo\/image\/","url":"https:\/\/txemasalvans.com\/wp-content\/uploads\/2025\/03\/cropped-logo.png","contentUrl":"https:\/\/txemasalvans.com\/wp-content\/uploads\/2025\/03\/cropped-logo.png","width":452,"height":45,"caption":"Txema Salvans"},"image":{"@id":"https:\/\/txemasalvans.com\/es\/#\/schema\/logo\/image\/"}}]}},"_links":{"self":[{"href":"https:\/\/txemasalvans.com\/es\/wp-json\/wp\/v2\/product\/1322","targetHints":{"allow":["GET"]}}],"collection":[{"href":"https:\/\/txemasalvans.com\/es\/wp-json\/wp\/v2\/product"}],"about":[{"href":"https:\/\/txemasalvans.com\/es\/wp-json\/wp\/v2\/types\/product"}],"wp:featuredmedia":[{"embeddable":true,"href":"https:\/\/txemasalvans.com\/es\/wp-json\/wp\/v2\/media\/764"}],"wp:attachment":[{"href":"https:\/\/txemasalvans.com\/es\/wp-json\/wp\/v2\/media?parent=1322"}],"wp:term":[{"taxonomy":"product_brand","embeddable":true,"href":"https:\/\/txemasalvans.com\/es\/wp-json\/wp\/v2\/product_brand?post=1322"},{"taxonomy":"product_cat","embeddable":true,"href":"https:\/\/txemasalvans.com\/es\/wp-json\/wp\/v2\/product_cat?post=1322"},{"taxonomy":"product_tag","embeddable":true,"href":"https:\/\/txemasalvans.com\/es\/wp-json\/wp\/v2\/product_tag?post=1322"}],"curies":[{"name":"wp","href":"https:\/\/api.w.org\/{rel}","templated":true}]}}