{"id":1324,"date":"2025-03-28T11:07:28","date_gmt":"2025-03-28T11:07:28","guid":{"rendered":"https:\/\/txemasalvans.com\/product\/my-kingdom\/"},"modified":"2025-10-14T16:56:32","modified_gmt":"2025-10-14T16:56:32","slug":"my-kingdom","status":"publish","type":"product","link":"https:\/\/txemasalvans.com\/es\/product\/my-kingdom\/","title":{"rendered":"My Kingdom"},"content":{"rendered":"","protected":false},"excerpt":{"rendered":"<p>My Kingdom, del fot\u00f3grafo catal\u00e1n Txema Salvans, re\u00fane fotograf\u00edas de espa\u00f1oles disfrutando de la costa mediterr\u00e1nea, pero no es un libro sobre tomar el sol. Salvans, en cambio, corta el tema del calor y ofrece una perspectiva ir\u00f3nica sobre el clima pol\u00edtico y los debates en curso sobre la nacionalidad en su pa\u00eds natal. Su libro combina fotograf\u00edas en blanco y negro de ciudadanos corrientes disfrutando de la costa mediterr\u00e1nea con palabras extra\u00eddas de los discursos navide\u00f1os anuales del ex rey de Espa\u00f1a, Juan Carlos I (1975-2015). En esta combinaci\u00f3n subversiva de imagen y texto, el lenguaje act\u00faa como un filtro sociopol\u00edtico, a trav\u00e9s del cual vemos los gestos de los ba\u00f1istas haciendo alarde de sus propias peque\u00f1as soberan\u00edas: la libertad de echarse una siesta, pescar, hacer un picnic y jugar, con un tel\u00f3n de fondo de condominios vacacionales, aparcamientos, gr\u00faas y centrales el\u00e9ctricas.   <\/p>\n<p>El libro, que combina pompa y patetismo, incluye tambi\u00e9n un suplemento con extractos de discursos de l\u00edderes infames, entre ellos Benito Mussolini, el emperador Hirohito y Winston Churchill (as\u00ed como Charlie Chaplin), todos ellos proclamando \u2013con seriedad o irreverencia\u2013 el poder autoritario del Estado sobre el pueblo. Mi reino subraya c\u00f3mo los l\u00edderes (ya sean democr\u00e1ticos, autocr\u00e1ticos o mon\u00e1rquicos) han utilizado rutinariamente la ret\u00f3rica nacionalista para seducir a su pueblo y como mecanismo fundamental de control estatal. <\/p>\n<p><strong><a href=\"http:\/\/www.bjp-online.com\/2018\/08\/txema-salvans-my-kingdom\/\" target=\"_blank\" rel=\"noopener\">M\u00e1s informaci\u00f3n<\/a><\/strong><\/p>\n<p>&nbsp;<\/p>\n<p>OTA bound paperback with silkscreen printed cover and flaps. With stapled booklet and postcard<br \/>\n176 pages, 65 tritone plates<br \/>\nDimensions: 17.5 X 23 cm <\/p>\n","protected":false},"featured_media":765,"template":"","meta":{"_acf_changed":false},"product_brand":[],"product_cat":[36],"product_tag":[],"class_list":{"0":"post-1324","1":"product","2":"type-product","3":"status-publish","4":"has-post-thumbnail","6":"product_cat-uncategorized","8":"first","9":"outofstock","10":"taxable","11":"shipping-taxable","12":"purchasable","13":"product-type-variable","14":"has-default-attributes"},"acf":[],"yoast_head":"<!-- This site is optimized with the Yoast SEO plugin v27.1.1 - https:\/\/yoast.com\/product\/yoast-seo-wordpress\/ -->\n<title>My Kingdom - Txema Salvans<\/title>\n<meta name=\"robots\" content=\"index, follow, max-snippet:-1, max-image-preview:large, max-video-preview:-1\" \/>\n<link rel=\"canonical\" href=\"https:\/\/txemasalvans.com\/es\/product\/my-kingdom\/\" \/>\n<meta property=\"og:locale\" content=\"es_ES\" \/>\n<meta property=\"og:type\" content=\"article\" \/>\n<meta property=\"og:title\" content=\"My Kingdom - Txema Salvans\" \/>\n<meta property=\"og:description\" content=\"My Kingdom, del fot\u00f3grafo catal\u00e1n Txema Salvans, re\u00fane fotograf\u00edas de espa\u00f1oles disfrutando de la costa mediterr\u00e1nea, pero no es un libro sobre tomar el sol. Salvans, en cambio, corta el tema del calor y ofrece una perspectiva ir\u00f3nica sobre el clima pol\u00edtico y los debates en curso sobre la nacionalidad en su pa\u00eds natal. Su libro combina fotograf\u00edas en blanco y negro de ciudadanos corrientes disfrutando de la costa mediterr\u00e1nea con palabras extra\u00eddas de los discursos navide\u00f1os anuales del ex rey de Espa\u00f1a, Juan Carlos I (1975-2015). En esta combinaci\u00f3n subversiva de imagen y texto, el lenguaje act\u00faa como un filtro sociopol\u00edtico, a trav\u00e9s del cual vemos los gestos de los ba\u00f1istas haciendo alarde de sus propias peque\u00f1as soberan\u00edas: la libertad de echarse una siesta, pescar, hacer un picnic y jugar, con un tel\u00f3n de fondo de condominios vacacionales, aparcamientos, gr\u00faas y centrales el\u00e9ctricas.   El libro, que combina pompa y patetismo, incluye tambi\u00e9n un suplemento con extractos de discursos de l\u00edderes infames, entre ellos Benito Mussolini, el emperador Hirohito y Winston Churchill (as\u00ed como Charlie Chaplin), todos ellos proclamando \u2013con seriedad o irreverencia\u2013 el poder autoritario del Estado sobre el pueblo. Mi reino subraya c\u00f3mo los l\u00edderes (ya sean democr\u00e1ticos, autocr\u00e1ticos o mon\u00e1rquicos) han utilizado rutinariamente la ret\u00f3rica nacionalista para seducir a su pueblo y como mecanismo fundamental de control estatal.  M\u00e1s informaci\u00f3n &nbsp; OTA bound paperback with silkscreen printed cover and flaps. With stapled booklet and postcard 176 pages, 65 tritone plates Dimensions: 17.5 X 23 cm\" \/>\n<meta property=\"og:url\" content=\"https:\/\/txemasalvans.com\/es\/product\/my-kingdom\/\" \/>\n<meta property=\"og:site_name\" content=\"Txema Salvans\" \/>\n<meta property=\"article:modified_time\" content=\"2025-10-14T16:56:32+00:00\" \/>\n<meta property=\"og:image\" content=\"https:\/\/txemasalvans.com\/wp-content\/uploads\/2025\/02\/mykingdom.jpeg\" \/>\n\t<meta property=\"og:image:width\" content=\"960\" \/>\n\t<meta property=\"og:image:height\" content=\"960\" \/>\n\t<meta property=\"og:image:type\" content=\"image\/jpeg\" \/>\n<meta name=\"twitter:card\" content=\"summary_large_image\" \/>\n<script type=\"application\/ld+json\" class=\"yoast-schema-graph\">{\"@context\":\"https:\/\/schema.org\",\"@graph\":[{\"@type\":\"WebPage\",\"@id\":\"https:\/\/txemasalvans.com\/es\/product\/my-kingdom\/\",\"url\":\"https:\/\/txemasalvans.com\/es\/product\/my-kingdom\/\",\"name\":\"My Kingdom - Txema Salvans\",\"isPartOf\":{\"@id\":\"https:\/\/txemasalvans.com\/es\/#website\"},\"primaryImageOfPage\":{\"@id\":\"https:\/\/txemasalvans.com\/es\/product\/my-kingdom\/#primaryimage\"},\"image\":{\"@id\":\"https:\/\/txemasalvans.com\/es\/product\/my-kingdom\/#primaryimage\"},\"thumbnailUrl\":\"https:\/\/txemasalvans.com\/wp-content\/uploads\/2025\/02\/mykingdom.jpeg\",\"datePublished\":\"2025-03-28T11:07:28+00:00\",\"dateModified\":\"2025-10-14T16:56:32+00:00\",\"breadcrumb\":{\"@id\":\"https:\/\/txemasalvans.com\/es\/product\/my-kingdom\/#breadcrumb\"},\"inLanguage\":\"es\",\"potentialAction\":[{\"@type\":\"ReadAction\",\"target\":[\"https:\/\/txemasalvans.com\/es\/product\/my-kingdom\/\"]}]},{\"@type\":\"ImageObject\",\"inLanguage\":\"es\",\"@id\":\"https:\/\/txemasalvans.com\/es\/product\/my-kingdom\/#primaryimage\",\"url\":\"https:\/\/txemasalvans.com\/wp-content\/uploads\/2025\/02\/mykingdom.jpeg\",\"contentUrl\":\"https:\/\/txemasalvans.com\/wp-content\/uploads\/2025\/02\/mykingdom.jpeg\",\"width\":960,\"height\":960},{\"@type\":\"BreadcrumbList\",\"@id\":\"https:\/\/txemasalvans.com\/es\/product\/my-kingdom\/#breadcrumb\",\"itemListElement\":[{\"@type\":\"ListItem\",\"position\":1,\"name\":\"Portada\",\"item\":\"https:\/\/txemasalvans.com\/es\/\"},{\"@type\":\"ListItem\",\"position\":2,\"name\":\"Tienda\",\"item\":\"https:\/\/txemasalvans.com\/es\/tienda\/\"},{\"@type\":\"ListItem\",\"position\":3,\"name\":\"My Kingdom\"}]},{\"@type\":\"WebSite\",\"@id\":\"https:\/\/txemasalvans.com\/es\/#website\",\"url\":\"https:\/\/txemasalvans.com\/es\/\",\"name\":\"Txema Salvans\",\"description\":\"Photographer\",\"publisher\":{\"@id\":\"https:\/\/txemasalvans.com\/es\/#organization\"},\"potentialAction\":[{\"@type\":\"SearchAction\",\"target\":{\"@type\":\"EntryPoint\",\"urlTemplate\":\"https:\/\/txemasalvans.com\/es\/?s={search_term_string}\"},\"query-input\":{\"@type\":\"PropertyValueSpecification\",\"valueRequired\":true,\"valueName\":\"search_term_string\"}}],\"inLanguage\":\"es\"},{\"@type\":\"Organization\",\"@id\":\"https:\/\/txemasalvans.com\/es\/#organization\",\"name\":\"Txema Salvans\",\"url\":\"https:\/\/txemasalvans.com\/es\/\",\"logo\":{\"@type\":\"ImageObject\",\"inLanguage\":\"es\",\"@id\":\"https:\/\/txemasalvans.com\/es\/#\/schema\/logo\/image\/\",\"url\":\"https:\/\/txemasalvans.com\/wp-content\/uploads\/2025\/03\/cropped-logo.png\",\"contentUrl\":\"https:\/\/txemasalvans.com\/wp-content\/uploads\/2025\/03\/cropped-logo.png\",\"width\":452,\"height\":45,\"caption\":\"Txema Salvans\"},\"image\":{\"@id\":\"https:\/\/txemasalvans.com\/es\/#\/schema\/logo\/image\/\"}}]}<\/script>\n<!-- \/ Yoast SEO plugin. -->","yoast_head_json":{"title":"My Kingdom - Txema Salvans","robots":{"index":"index","follow":"follow","max-snippet":"max-snippet:-1","max-image-preview":"max-image-preview:large","max-video-preview":"max-video-preview:-1"},"canonical":"https:\/\/txemasalvans.com\/es\/product\/my-kingdom\/","og_locale":"es_ES","og_type":"article","og_title":"My Kingdom - Txema Salvans","og_description":"My Kingdom, del fot\u00f3grafo catal\u00e1n Txema Salvans, re\u00fane fotograf\u00edas de espa\u00f1oles disfrutando de la costa mediterr\u00e1nea, pero no es un libro sobre tomar el sol. Salvans, en cambio, corta el tema del calor y ofrece una perspectiva ir\u00f3nica sobre el clima pol\u00edtico y los debates en curso sobre la nacionalidad en su pa\u00eds natal. Su libro combina fotograf\u00edas en blanco y negro de ciudadanos corrientes disfrutando de la costa mediterr\u00e1nea con palabras extra\u00eddas de los discursos navide\u00f1os anuales del ex rey de Espa\u00f1a, Juan Carlos I (1975-2015). En esta combinaci\u00f3n subversiva de imagen y texto, el lenguaje act\u00faa como un filtro sociopol\u00edtico, a trav\u00e9s del cual vemos los gestos de los ba\u00f1istas haciendo alarde de sus propias peque\u00f1as soberan\u00edas: la libertad de echarse una siesta, pescar, hacer un picnic y jugar, con un tel\u00f3n de fondo de condominios vacacionales, aparcamientos, gr\u00faas y centrales el\u00e9ctricas.   El libro, que combina pompa y patetismo, incluye tambi\u00e9n un suplemento con extractos de discursos de l\u00edderes infames, entre ellos Benito Mussolini, el emperador Hirohito y Winston Churchill (as\u00ed como Charlie Chaplin), todos ellos proclamando \u2013con seriedad o irreverencia\u2013 el poder autoritario del Estado sobre el pueblo. Mi reino subraya c\u00f3mo los l\u00edderes (ya sean democr\u00e1ticos, autocr\u00e1ticos o mon\u00e1rquicos) han utilizado rutinariamente la ret\u00f3rica nacionalista para seducir a su pueblo y como mecanismo fundamental de control estatal.  M\u00e1s informaci\u00f3n &nbsp; OTA bound paperback with silkscreen printed cover and flaps. With stapled booklet and postcard 176 pages, 65 tritone plates Dimensions: 17.5 X 23 cm","og_url":"https:\/\/txemasalvans.com\/es\/product\/my-kingdom\/","og_site_name":"Txema Salvans","article_modified_time":"2025-10-14T16:56:32+00:00","og_image":[{"width":960,"height":960,"url":"https:\/\/txemasalvans.com\/wp-content\/uploads\/2025\/02\/mykingdom.jpeg","type":"image\/jpeg"}],"twitter_card":"summary_large_image","schema":{"@context":"https:\/\/schema.org","@graph":[{"@type":"WebPage","@id":"https:\/\/txemasalvans.com\/es\/product\/my-kingdom\/","url":"https:\/\/txemasalvans.com\/es\/product\/my-kingdom\/","name":"My Kingdom - Txema Salvans","isPartOf":{"@id":"https:\/\/txemasalvans.com\/es\/#website"},"primaryImageOfPage":{"@id":"https:\/\/txemasalvans.com\/es\/product\/my-kingdom\/#primaryimage"},"image":{"@id":"https:\/\/txemasalvans.com\/es\/product\/my-kingdom\/#primaryimage"},"thumbnailUrl":"https:\/\/txemasalvans.com\/wp-content\/uploads\/2025\/02\/mykingdom.jpeg","datePublished":"2025-03-28T11:07:28+00:00","dateModified":"2025-10-14T16:56:32+00:00","breadcrumb":{"@id":"https:\/\/txemasalvans.com\/es\/product\/my-kingdom\/#breadcrumb"},"inLanguage":"es","potentialAction":[{"@type":"ReadAction","target":["https:\/\/txemasalvans.com\/es\/product\/my-kingdom\/"]}]},{"@type":"ImageObject","inLanguage":"es","@id":"https:\/\/txemasalvans.com\/es\/product\/my-kingdom\/#primaryimage","url":"https:\/\/txemasalvans.com\/wp-content\/uploads\/2025\/02\/mykingdom.jpeg","contentUrl":"https:\/\/txemasalvans.com\/wp-content\/uploads\/2025\/02\/mykingdom.jpeg","width":960,"height":960},{"@type":"BreadcrumbList","@id":"https:\/\/txemasalvans.com\/es\/product\/my-kingdom\/#breadcrumb","itemListElement":[{"@type":"ListItem","position":1,"name":"Portada","item":"https:\/\/txemasalvans.com\/es\/"},{"@type":"ListItem","position":2,"name":"Tienda","item":"https:\/\/txemasalvans.com\/es\/tienda\/"},{"@type":"ListItem","position":3,"name":"My Kingdom"}]},{"@type":"WebSite","@id":"https:\/\/txemasalvans.com\/es\/#website","url":"https:\/\/txemasalvans.com\/es\/","name":"Txema Salvans","description":"Photographer","publisher":{"@id":"https:\/\/txemasalvans.com\/es\/#organization"},"potentialAction":[{"@type":"SearchAction","target":{"@type":"EntryPoint","urlTemplate":"https:\/\/txemasalvans.com\/es\/?s={search_term_string}"},"query-input":{"@type":"PropertyValueSpecification","valueRequired":true,"valueName":"search_term_string"}}],"inLanguage":"es"},{"@type":"Organization","@id":"https:\/\/txemasalvans.com\/es\/#organization","name":"Txema Salvans","url":"https:\/\/txemasalvans.com\/es\/","logo":{"@type":"ImageObject","inLanguage":"es","@id":"https:\/\/txemasalvans.com\/es\/#\/schema\/logo\/image\/","url":"https:\/\/txemasalvans.com\/wp-content\/uploads\/2025\/03\/cropped-logo.png","contentUrl":"https:\/\/txemasalvans.com\/wp-content\/uploads\/2025\/03\/cropped-logo.png","width":452,"height":45,"caption":"Txema Salvans"},"image":{"@id":"https:\/\/txemasalvans.com\/es\/#\/schema\/logo\/image\/"}}]}},"_links":{"self":[{"href":"https:\/\/txemasalvans.com\/es\/wp-json\/wp\/v2\/product\/1324","targetHints":{"allow":["GET"]}}],"collection":[{"href":"https:\/\/txemasalvans.com\/es\/wp-json\/wp\/v2\/product"}],"about":[{"href":"https:\/\/txemasalvans.com\/es\/wp-json\/wp\/v2\/types\/product"}],"wp:featuredmedia":[{"embeddable":true,"href":"https:\/\/txemasalvans.com\/es\/wp-json\/wp\/v2\/media\/765"}],"wp:attachment":[{"href":"https:\/\/txemasalvans.com\/es\/wp-json\/wp\/v2\/media?parent=1324"}],"wp:term":[{"taxonomy":"product_brand","embeddable":true,"href":"https:\/\/txemasalvans.com\/es\/wp-json\/wp\/v2\/product_brand?post=1324"},{"taxonomy":"product_cat","embeddable":true,"href":"https:\/\/txemasalvans.com\/es\/wp-json\/wp\/v2\/product_cat?post=1324"},{"taxonomy":"product_tag","embeddable":true,"href":"https:\/\/txemasalvans.com\/es\/wp-json\/wp\/v2\/product_tag?post=1324"}],"curies":[{"name":"wp","href":"https:\/\/api.w.org\/{rel}","templated":true}]}}